{"id":74,"date":"2017-04-06T08:48:10","date_gmt":"2017-04-06T06:48:10","guid":{"rendered":"http:\/\/www.sas.sav.sk\/en\/?page_id=74"},"modified":"2017-04-13T09:39:58","modified_gmt":"2017-04-13T07:39:58","slug":"sas-executive-board","status":"publish","type":"page","link":"https:\/\/sas.sav.sk\/en\/about-us\/sas-executive-board\/","title":{"rendered":"SAS Executive Board"},"content":{"rendered":"<table>\n<tbody>\n<tr>\n<td width=\"144\" valign='top'><strong>President: <\/strong><\/td>\n<td width=\"357\"><strong>PhDr<\/strong><strong>. Margar\u00e9ta Musilov\u00e1<\/strong> (Municipal Monument Preservation Institute, Bratislava)<br \/>\ne-mail: <a href=\"mailto:margareta.musilova07@gmail.com\">margareta.musilova07@gmail.com<\/a><\/td>\n<\/tr>\n<tr>\n<td width=\"144\" valign='top'><strong>Vice-President: <\/strong><\/td>\n<td width=\"357\"><strong>Prof. PhDr. Eduard Krekovi\u010d, CSc.<\/strong> (Department of Archaeology, Faculty of Arts of Comenius University, Bratislava)<br \/>\ne-mail: <a href=\"mailto:eduard.krekovic@uniba.sk\">eduard.krekovic@uniba.sk<\/a><\/td>\n<\/tr>\n<tr>\n<td width=\"144\" valign='top'><strong>Secretary: <\/strong><\/td>\n<td width=\"357\"><strong>PhDr. Vladim\u00edr Tur\u010dan<\/strong> (Archaeological Museum, Slovak National Museum, Bratislava)<br \/>\ne-mail: <a href=\"mailto:vladimir.turcan@snm.sk\">vladimir.turcan@snm.sk<\/a><\/td>\n<\/tr>\n<tr>\n<td width=\"144\" valign='top'><strong>Treasurer: <\/strong><\/td>\n<td width=\"357\"><strong>PhDr. Vladim\u00edr Mit\u00e1\u0161, PhD.<\/strong> (Institute of Archaeology, Slovak Academy of Sciences, Nitra)<br \/>\ne-mail: <a href=\"mailto:vladimir.mitas@savba.sk\">vladimir.mitas@savba.sk<\/a><\/td>\n<\/tr>\n<tr>\n<td width=\"144\" valign='top'><strong>SAS Executive Board members: <\/strong><\/td>\n<td width=\"357\"><strong>1. Mgr. Igor Bazovsk\u00fd, PhD.<\/strong> (Slovak National Museum, Bratislava )<br \/>\ne-mail: <a href=\"mailto:igorbazovsky@centrum.sk\">igorbazovsky@centrum.sk<\/a><\/p>\n<p><strong>2. Mgr. Rastislav Hreha, PhD.<\/strong> (Institute of Archaeology, Slovak Academy of Sciences, Ko\u0161ice)<br \/>\ne-mail: <a href=\"mailto:hreha@saske.sk\">hreha@saske.sk<\/a><\/p>\n<p><strong>3. PhDr. J\u00e1n Chovanec, PhD<\/strong> (Trebi\u0161ov Museum)<br \/>\ne-mail: <a href=\"mailto:trebishow@gmail.com\">trebishow@gmail.com<\/a><\/p>\n<p><strong>4. PhDr. Iveta Kaczarov\u00e1<\/strong> (Novohrad Museum and Gallery, Lu\u010denec)<br \/>\ne-mail: <a href=\"mailto:nmlc@stonline.sk\">nmlc@stonline.sk<\/a><\/p>\n<p><strong>5. Mgr. Jana Mellnerov\u00e1 \u0160utekov\u00e1, PhD.<\/strong> (Department of Archaeology, Faculty of Arts of Comenius University, Bratislava)<br \/>\ne-mail: <a href=\"mailto:jana.mellnerova@uniba.sk\">jana.mellnerova@uniba.sk<\/a><\/p>\n<p><strong>6. PhDr. V\u00ed\u0165azoslav Struh\u00e1r<\/strong> (Archeol\u00f3giaSK, s.r.o.)<br \/>\ne-mail: <a href=\"mailto:vitazoslav.struhar@gmail.com\">vitazoslav.struhar@gmail.com<\/a><\/td>\n<\/tr>\n<tr>\n<td width=\"144\" valign='top'><strong>SAS Auditor Committee members: <\/strong><\/td>\n<td width=\"357\"><strong>1. PhDr. Eva Fottov\u00e1<\/strong> (Institute of Archaeology, Slovak Academy of Sciences, Nitra)<br \/>\ne-mail: <a href=\"mailto:nraufott@savba.sk\">nraufott@savba.sk<\/a><\/p>\n<p><strong>2. PhDr. Klaudia Da\u0148ov\u00e1, PhD.<\/strong> (Institute of Archaeology, Slovak Academy of Sciences, Nitra)<br \/>\ne-mail: <a href=\"mailto:klaudia.danova@savba.sk\">klaudia.danova@savba.sk<\/a><\/p>\n<p><strong>3. PhDr. Jozef Morav\u010d\u00edk<\/strong> (pensioner, Pova\u017eie Regional Museum, \u017dilina)<br \/>\ne-mail: <a href=\"http:\/\/www.sas.sav.sk\/o-spolocnosti\/vybor-sas\/jozef.moravcik.za@gmail.com\">jozef.moravcik.za@gmail.com<\/a><\/td>\n<\/tr>\n<tr>\n<td width=\"144\" valign='top'><strong>Librarian: <\/strong><\/td>\n<td width=\"357\"><strong>PhDr. Vladim\u00edr Mit\u00e1\u0161, PhD.<\/strong><br \/>\ne-mail: <a href=\"mailto:vladimir.mitas@savba.sk\">vladimir.mitas@savba.sk<\/a><\/td>\n<\/tr>\n<tr>\n<td width=\"144\"><strong>The <em>Inform\u00e1tor<\/em> bulletin editors: <\/strong><\/td>\n<td width=\"357\"><\/td>\n<\/tr>\n<tr>\n<td width=\"144\" valign='top'><strong>Chief Editor:<\/strong><\/td>\n<td width=\"357\"><strong>Mgr. Jana Mellnerov\u00e1 \u0160utekov\u00e1, PhD<\/strong><br \/>\ne-mail: <a href=\"mailto:jana.mellnerova@uniba.sk\">jana.mellnerova@uniba.sk<\/a><\/td>\n<\/tr>\n<tr>\n<td width=\"144\" valign='top'><strong>Editorial staff: <\/strong><\/td>\n<td width=\"357\"><strong>Mgr. Igor Bazovsk\u00fd, PhD.; Mgr. Rastislav Hreha, PhD., PhDr. J\u00e1n Chovanec, PhD.; Mgr. Iveta Kaczarov\u00e1; Prof. PhDr. Eduard Krekovi\u010d, CSc.; PhDr. Vladim\u00edr Mit\u00e1\u0161, PhD.; PhDr. V\u00ed\u0165azoslav Struh\u00e1r <\/strong><\/td>\n<\/tr>\n<tr>\n<td width=\"144\" valign='top'><strong>Financial Manager: <\/strong><\/td>\n<td width=\"357\"><strong>Ing. So\u0148a Bla\u0161kov\u00e1<\/strong><br \/>\ne-mail: <a href=\"mailto:blaskovas@satronet.sk\">blaskovas@satronet.sk<\/a><\/td>\n<\/tr>\n<\/tbody>\n<\/table>\n","protected":false},"excerpt":{"rendered":"<p>President: PhDr. Margar\u00e9ta Musilov\u00e1 (Municipal Monument Preservation Institute, Bratislava) e-mail: margareta.musilova07@gmail.com Vice-President: Prof. PhDr. Eduard Krekovi\u010d, CSc. (Department of Archaeology, Faculty of Arts of Comenius University, Bratislava) e-mail: eduard.krekovic@uniba.sk Secretary: PhDr. Vladim\u00edr Tur\u010dan (Archaeological Museum, Slovak National Museum, Bratislava) e-mail: vladimir.turcan@snm.sk Treasurer: PhDr. Vladim\u00edr Mit\u00e1\u0161, PhD. (Institute of Archaeology, Slovak Academy of Sciences, Nitra) e-mail:&#8230;<\/p>\n","protected":false},"author":1,"featured_media":0,"parent":15,"menu_order":20,"comment_status":"closed","ping_status":"closed","template":"","meta":{"_monsterinsights_skip_tracking":false,"_monsterinsights_sitenote_active":false,"_monsterinsights_sitenote_note":"","_monsterinsights_sitenote_category":0,"footnotes":"","_links_to":"","_links_to_target":""},"class_list":["post-74","page","type-page","status-publish","hentry"],"_links":{"self":[{"href":"https:\/\/sas.sav.sk\/en\/wp-json\/wp\/v2\/pages\/74","targetHints":{"allow":["GET"]}}],"collection":[{"href":"https:\/\/sas.sav.sk\/en\/wp-json\/wp\/v2\/pages"}],"about":[{"href":"https:\/\/sas.sav.sk\/en\/wp-json\/wp\/v2\/types\/page"}],"author":[{"embeddable":true,"href":"https:\/\/sas.sav.sk\/en\/wp-json\/wp\/v2\/users\/1"}],"replies":[{"embeddable":true,"href":"https:\/\/sas.sav.sk\/en\/wp-json\/wp\/v2\/comments?post=74"}],"version-history":[{"count":7,"href":"https:\/\/sas.sav.sk\/en\/wp-json\/wp\/v2\/pages\/74\/revisions"}],"predecessor-version":[{"id":154,"href":"https:\/\/sas.sav.sk\/en\/wp-json\/wp\/v2\/pages\/74\/revisions\/154"}],"up":[{"embeddable":true,"href":"https:\/\/sas.sav.sk\/en\/wp-json\/wp\/v2\/pages\/15"}],"wp:attachment":[{"href":"https:\/\/sas.sav.sk\/en\/wp-json\/wp\/v2\/media?parent=74"}],"curies":[{"name":"wp","href":"https:\/\/api.w.org\/{rel}","templated":true}]}}