{"id":65,"date":"2017-04-06T08:43:29","date_gmt":"2017-04-06T06:43:29","guid":{"rendered":"http:\/\/www.sas.sav.sk\/en\/?page_id=65"},"modified":"2017-04-13T09:28:54","modified_gmt":"2017-04-13T07:28:54","slug":"sas-in-brief","status":"publish","type":"page","link":"https:\/\/sas.sav.sk\/en\/about-us\/sas-in-brief\/","title":{"rendered":"SAS in brief"},"content":{"rendered":"<p style=\"text-align: justify;\">The Slovak Archaeological Society (SAS) is a voluntary non-political professional association that provides framework for joint cooperation of professionals or enthusiasts in the field of archaeology. Operating as an affiliate of the Slovak Academy of Sciences under the patronage of the Council of Slovak Scientific Associations, it has a membership of around 320 archaeology professionals, enthusiasts or supporters devoted to protection and preservation of archaeological heritage.<\/p>\n<p style=\"text-align: justify;\">Its main mission is to promote and enhance scientific work, research and public education in the field of archaeology, to assist in preservation and protection of archaeological finds and archaeological sites, and to bring together professionals and enthusiasts.<\/p>\n<p style=\"text-align: justify;\">The SAS assists its members in their occupational duties or scientific efforts, protects their professional interests and keeps them up-to-date with the recent developments in the field.<\/p>\n<p style=\"text-align: justify;\">For such purposes, the Society organises a broad range of events such as expert meetings, seminars or lectures, and also conducts its own editing and publishing activities.<\/p>\n<p style=\"text-align: justify;\">The main category of the SAS membership are the ordinary members who can be either archaeology-related professionals, or members of public whose admission is recommended by two SAS members.<\/p>\n<p style=\"text-align: justify;\">Besides the ordinary members, the Society also has collective members (organisations or associations), and honorary members.<\/p>\n<p style=\"text-align: justify;\">The members are kept informed on the Society\u2019s activities and receive invitations for all its events, enjoying the right to participate and to initiate other activities. After payment of the membership fee the members get free subscription to the <em>Inform\u00e1tor<\/em> bulletin (published once or twice a year).<\/p>\n<p style=\"text-align: justify;\">The members have an obligation to pay annual membership fees, abide by the applicable law and regulations related to protection of archaeological heritage, and to respect the ethical principles of scientific research.<\/p>\n<p style=\"text-align: justify;\">The governance bodies of the Society consist of the General Meeting, the Executive Board and the Presidency.<\/p>\n<p style=\"text-align: justify;\">Included in the organisational structure of the Society are also expert sections and committees, such as the Antique Glass Committee.<\/p>\n<p style=\"text-align: justify;\">The Society is funded from its own membership fees and from subsidies received through the Council of Slovak Scientific Associations of the Slovak Academy of Sciences. The SAS runs its own library and an archive of scientific and research reports.<\/p>\n<p style=\"text-align: justify;\">History of the Slovak Archaeological Society<\/p>\n<p style=\"text-align: justify;\">Following the World War II, the growing number of professional Slovak archaeologists (albeit still rather low, compared to current standards) inspired a demand for a professional platform to be formed. The initiative materialised on 22 February 1956, when the Czechoslovak Archaeological Society (\u010cSSA) was founded in Liblice as an association operating under the auspices of the Czechoslovak Academy of Sciences, after the prior approval of the Society\u2019s Statutes by the Ministry of Interior (as required by the laws of the period). The first \u010cSSA Executive Board, elected at the founding meeting, consisted of the following officers: J\u00e1n Eisner (President), V. Denkstein, J. Dekan (Vice-Presidents), M. Buchvaldek (Secretary), Z. V\u00e1\u0148a (Treasurer), J. B\u00f6hm, J. B\u0159e\u0148, J. Poul\u00edk, K. Tihelka and A. To\u010d\u00edk (Board members). \u0160. Jan\u0161\u00e1k and M. Novotn\u00e1 were appointed to establish a branch of the Society in Slovakia (which was a part of the Czechoslovak Republic at that time). The agreed annual membership fee was CSK 10.00.<\/p>\n<p style=\"text-align: justify;\">The Slovak Section of the \u010cSSA was founded at the \u010cSSA annual General Meeting, held in Bratislava on 23 March 1956, with 36 participants applying for membership. The meeting was opened and chaired by J\u00e1n Dekan. Elected into leading positions of the Slovak \u010cSSA Section were \u0160. Jan\u0161\u00e1k (President), J. Dekan (Vice-President), M. Novotn\u00e1 (Secretary), \u013d. Kraskovsk\u00e1 (Treasurer), A. To\u010d\u00edk, V. Ondrouch, V. Budinsk\u00fd-Kri\u010dka and J. P\u00e1stor (Board members). M. Du\u0161ek and J. Nettich were elected Auditors.<\/p>\n<p style=\"text-align: justify;\">In its first year of existence, the Slovak Section of the \u010cSSA organised a number of events. The first of them was a lecture on the research of Germanic cremation graves in O\u010dkov, dated to the Late Roman Empire era, given at the founding meeting by T. Koln\u00edk. At the next General Meeting, held on 29 November 1956, a presentation on Slavic burial mounds in Skalica was given by V. Budinsk\u00fd-Kri\u010dka. The third event was a ceremonial gathering marking the 70<sup>th<\/sup> birthday of \u0160. Jan\u0161\u00e1k, held at Dev\u00edn Hotel in Bratislava, a venue which was a benchmark of glamour and luxury at that time.<\/p>\n<p style=\"text-align: justify;\">From 1957 on, the Society began to issue its <em>Zpr\u00e1vy \u010cSSA<\/em> periodical, published in Brno, with F. Kalousek as the Chief Editor and M. Novotn\u00e1 as a representative of Slovak archaeologists on the editorial board. The members obtained a free subscription to the bulletin.<\/p>\n<p style=\"text-align: justify;\">Vladim\u00edr Tur\u010dan<\/p>\n<p style=\"text-align: justify;\">List of the founding members of the Slovak Archaeological Society:<\/p>\n<ul style=\"text-align: justify;\">\n<li>Cyril Ambros<\/li>\n<li>Karol Andel<\/li>\n<li>Jozef Bala\u0161a<\/li>\n<li>Ladislav B\u00e1nesz<\/li>\n<li>Juraj B\u00e1rta<\/li>\n<li>Bla\u017eej Benad\u00edk<\/li>\n<li>Ji\u0159\u00ed Boh\u00e1\u010d<\/li>\n<li>Pavol \u010caplovi\u010d<\/li>\n<li>J\u00e1n Dekan<\/li>\n<li>Jozef Drenko<\/li>\n<li>Mikul\u00e1\u0161 Du\u0161ek<\/li>\n<li>Igor Hrubec<\/li>\n<li>Bohuslav Chropovsk\u00fd<\/li>\n<li>\u0160tefan Jan\u0161\u00e1k<\/li>\n<li>Titus Koln\u00edk<\/li>\n<li>\u013dudmila Kraskovsk\u00e1<\/li>\n<li>Vojtech Budinsk\u00fd-Kri\u010dka<\/li>\n<li>\u0160arlota Kri\u017eanov\u00e1<\/li>\n<li>Oldrich Krupica<\/li>\n<li>Jozef Kudl\u00e1\u010dek<\/li>\n<li>J\u00e1n Nettich<\/li>\n<li>M\u00e1ria Novotn\u00e1<\/li>\n<li>Bohuslav Novotn\u00fd<\/li>\n<li>Vojtech Ondrouch<\/li>\n<li>J\u00e1n P\u00e1stor<\/li>\n<li>Jozef Paul\u00edk<\/li>\n<li>Old\u0159ich Pelik\u00e1n<\/li>\n<li>Alfr\u00e9d Piffl<\/li>\n<li>Magda Pichlerov\u00e1<\/li>\n<li>Belo Polla<\/li>\n<li>Jozef Porubsk\u00fd<\/li>\n<li>\u0160tefan Pozdi\u0161ovsk\u00fd<\/li>\n<li>Anton Petrovsk\u00fd-\u0160ichman<\/li>\n<li>Viktor \u0160emmer<\/li>\n<li>Anton To\u010d\u00edk<\/li>\n<li>Emanuel Vl\u010dek<\/li>\n<\/ul>\n<p style=\"text-align: justify;\">List of current members of the Slovak Archaeological Society:<\/p>\n<p style=\"text-align: justify;\"><a href=\"http:\/\/www.sas.sav.sk\/wp-content\/uploads\/clenovia_2015.pdf\">Membership List (in *.pdf)<\/a><\/p>\n","protected":false},"excerpt":{"rendered":"<p>The Slovak Archaeological Society (SAS) is a voluntary non-political professional association that provides framework for joint cooperation of professionals or enthusiasts in the field of archaeology. Operating as an affiliate of the Slovak Academy of Sciences under the patronage of the Council of Slovak Scientific Associations, it has a membership of around 320 archaeology professionals,&#8230;<\/p>\n","protected":false},"author":1,"featured_media":0,"parent":15,"menu_order":0,"comment_status":"closed","ping_status":"closed","template":"","meta":{"_monsterinsights_skip_tracking":false,"_monsterinsights_sitenote_active":false,"_monsterinsights_sitenote_note":"","_monsterinsights_sitenote_category":0,"footnotes":"","_links_to":"","_links_to_target":""},"class_list":["post-65","page","type-page","status-publish","hentry"],"_links":{"self":[{"href":"https:\/\/sas.sav.sk\/en\/wp-json\/wp\/v2\/pages\/65","targetHints":{"allow":["GET"]}}],"collection":[{"href":"https:\/\/sas.sav.sk\/en\/wp-json\/wp\/v2\/pages"}],"about":[{"href":"https:\/\/sas.sav.sk\/en\/wp-json\/wp\/v2\/types\/page"}],"author":[{"embeddable":true,"href":"https:\/\/sas.sav.sk\/en\/wp-json\/wp\/v2\/users\/1"}],"replies":[{"embeddable":true,"href":"https:\/\/sas.sav.sk\/en\/wp-json\/wp\/v2\/comments?post=65"}],"version-history":[{"count":4,"href":"https:\/\/sas.sav.sk\/en\/wp-json\/wp\/v2\/pages\/65\/revisions"}],"predecessor-version":[{"id":149,"href":"https:\/\/sas.sav.sk\/en\/wp-json\/wp\/v2\/pages\/65\/revisions\/149"}],"up":[{"embeddable":true,"href":"https:\/\/sas.sav.sk\/en\/wp-json\/wp\/v2\/pages\/15"}],"wp:attachment":[{"href":"https:\/\/sas.sav.sk\/en\/wp-json\/wp\/v2\/media?parent=65"}],"curies":[{"name":"wp","href":"https:\/\/api.w.org\/{rel}","templated":true}]}}