{"id":21,"date":"2015-11-02T10:13:06","date_gmt":"2015-11-02T08:13:06","guid":{"rendered":"http:\/\/www.sas.sav.sk\/en\/?page_id=21"},"modified":"2017-04-13T08:26:52","modified_gmt":"2017-04-13T06:26:52","slug":"contact","status":"publish","type":"page","link":"https:\/\/sas.sav.sk\/en\/contact\/","title":{"rendered":"Contact"},"content":{"rendered":"<p><strong>Slovensk\u00e1 archeologick\u00e1 spolo\u010dnos\u0165 pri SAV<\/strong><br \/>\nAkademick\u00e1 2, 949 21 Nitra, Slovakia<br \/>\ne-mail: <a href=\"mailto:sas.archeologia@gmail.com\">sas.archeologia@gmail.com<\/a><\/p>\n<p>For contact details of some of the SAS members go to the <a href=\"http:\/\/www.sas.sav.sk\/en\/about-us\/sas-executive-board\/\">SAS Executive Board<\/a>\u2026<\/p>\n<p><strong>Current bank account (since December 2015) <\/strong><\/p>\n<p><strong>Bank: <a href=\"http:\/\/www.fio.sk\/\">Fio banka<\/a><\/strong><br \/>\n<strong>EUR account in Slovakia: 2800905317\/8330<\/strong><br \/>\nCZK account in the Czech Republic: 2800905317\/2010<br \/>\ninternational payments: IBAN: SK1383300000002800905317, SWIFT\/BIC: FIOZSKBAXXX<\/p>\n<p>purpose: payment of membership fees or overdues, donations, 2% tax assignment scheme (since 2016)<br \/>\nannual membership fee: EUR 10.<\/p>\n","protected":false},"excerpt":{"rendered":"<p>Slovensk\u00e1 archeologick\u00e1 spolo\u010dnos\u0165 pri SAV Akademick\u00e1 2, 949 21 Nitra, Slovakia e-mail: sas.archeologia@gmail.com For contact details of some of the SAS members go to the SAS Executive Board\u2026 Current bank account (since December 2015) Bank: Fio banka EUR account in Slovakia: 2800905317\/8330 CZK account in the Czech Republic: 2800905317\/2010 international payments: IBAN: SK1383300000002800905317, SWIFT\/BIC: FIOZSKBAXXX&#8230;<\/p>\n","protected":false},"author":1,"featured_media":0,"parent":0,"menu_order":80,"comment_status":"closed","ping_status":"closed","template":"","meta":{"_monsterinsights_skip_tracking":false,"_monsterinsights_sitenote_active":false,"_monsterinsights_sitenote_note":"","_monsterinsights_sitenote_category":0,"footnotes":"","_links_to":"","_links_to_target":""},"class_list":["post-21","page","type-page","status-publish","hentry"],"_links":{"self":[{"href":"https:\/\/sas.sav.sk\/en\/wp-json\/wp\/v2\/pages\/21","targetHints":{"allow":["GET"]}}],"collection":[{"href":"https:\/\/sas.sav.sk\/en\/wp-json\/wp\/v2\/pages"}],"about":[{"href":"https:\/\/sas.sav.sk\/en\/wp-json\/wp\/v2\/types\/page"}],"author":[{"embeddable":true,"href":"https:\/\/sas.sav.sk\/en\/wp-json\/wp\/v2\/users\/1"}],"replies":[{"embeddable":true,"href":"https:\/\/sas.sav.sk\/en\/wp-json\/wp\/v2\/comments?post=21"}],"version-history":[{"count":5,"href":"https:\/\/sas.sav.sk\/en\/wp-json\/wp\/v2\/pages\/21\/revisions"}],"predecessor-version":[{"id":99,"href":"https:\/\/sas.sav.sk\/en\/wp-json\/wp\/v2\/pages\/21\/revisions\/99"}],"wp:attachment":[{"href":"https:\/\/sas.sav.sk\/en\/wp-json\/wp\/v2\/media?parent=21"}],"curies":[{"name":"wp","href":"https:\/\/api.w.org\/{rel}","templated":true}]}}