{"id":17,"date":"2015-11-02T10:12:26","date_gmt":"2015-11-02T08:12:26","guid":{"rendered":"http:\/\/www.sas.sav.sk\/en\/?page_id=17"},"modified":"2022-10-03T21:17:45","modified_gmt":"2022-10-03T19:17:45","slug":"sas-membership-application","status":"publish","type":"page","link":"https:\/\/sas.sav.sk\/en\/about-us\/sas-membership-application\/","title":{"rendered":"SAS Membership Application"},"content":{"rendered":"<p><a href=\"https:\/\/sas.sav.sk\/wp-content\/uploads\/prihlaska_do_sas.jpg\" target=\"_new\"  rel=\"lightbox[17] noopener\">Prihl\u00e1\u0161ka do SAS (vo form\u00e1te *.jpg)<\/a><br \/>\n<i>(pre ulo\u017eenie na disk: kliknite prav\u00fdm tla\u010d\u00edtkom my\u0161i na odkaz a zo zoznamu vyberte vo\u013ebu &#8220;Save target as&#8230;&#8221; resp. &#8220;Ulo\u017ei\u0165 cie\u013e ako&#8230;&#8221;)<\/i><\/p>\n<p><a href=\"https:\/\/sas.sav.sk\/wp-content\/uploads\/prihlaska_do_sas.jpg\" target=\"_new\"  rel=\"lightbox[17] noopener\"><img loading=\"lazy\" decoding=\"async\" class=\"alignnone size-medium wp-image-94\" src=\"https:\/\/sas.sav.sk\/wp-content\/uploads\/prihlaska_do_sas-200x300.jpg\" alt=\"prihlaska_do_sas\" width=\"200\" height=\"300\" \/><\/a><\/p>\n","protected":false},"excerpt":{"rendered":"<p>Prihl\u00e1\u0161ka do SAS (vo form\u00e1te *.jpg) (pre ulo\u017eenie na disk: kliknite prav\u00fdm tla\u010d\u00edtkom my\u0161i na odkaz a zo zoznamu vyberte vo\u013ebu &#8220;Save target as&#8230;&#8221; resp. &#8220;Ulo\u017ei\u0165 cie\u013e ako&#8230;&#8221;)<\/p>\n","protected":false},"author":1,"featured_media":0,"parent":15,"menu_order":30,"comment_status":"closed","ping_status":"closed","template":"","meta":{"_monsterinsights_skip_tracking":false,"_monsterinsights_sitenote_active":false,"_monsterinsights_sitenote_note":"","_monsterinsights_sitenote_category":0,"footnotes":"","_links_to":"","_links_to_target":""},"class_list":["post-17","page","type-page","status-publish","hentry"],"_links":{"self":[{"href":"https:\/\/sas.sav.sk\/en\/wp-json\/wp\/v2\/pages\/17","targetHints":{"allow":["GET"]}}],"collection":[{"href":"https:\/\/sas.sav.sk\/en\/wp-json\/wp\/v2\/pages"}],"about":[{"href":"https:\/\/sas.sav.sk\/en\/wp-json\/wp\/v2\/types\/page"}],"author":[{"embeddable":true,"href":"https:\/\/sas.sav.sk\/en\/wp-json\/wp\/v2\/users\/1"}],"replies":[{"embeddable":true,"href":"https:\/\/sas.sav.sk\/en\/wp-json\/wp\/v2\/comments?post=17"}],"version-history":[{"count":4,"href":"https:\/\/sas.sav.sk\/en\/wp-json\/wp\/v2\/pages\/17\/revisions"}],"predecessor-version":[{"id":390,"href":"https:\/\/sas.sav.sk\/en\/wp-json\/wp\/v2\/pages\/17\/revisions\/390"}],"up":[{"embeddable":true,"href":"https:\/\/sas.sav.sk\/en\/wp-json\/wp\/v2\/pages\/15"}],"wp:attachment":[{"href":"https:\/\/sas.sav.sk\/en\/wp-json\/wp\/v2\/media?parent=17"}],"curies":[{"name":"wp","href":"https:\/\/api.w.org\/{rel}","templated":true}]}}