{"id":135,"date":"2017-04-13T09:08:10","date_gmt":"2017-04-13T07:08:10","guid":{"rendered":"http:\/\/www.sas.sav.sk\/en\/?page_id=135"},"modified":"2022-10-03T21:18:11","modified_gmt":"2022-10-03T19:18:11","slug":"information-bulletin","status":"publish","type":"page","link":"https:\/\/sas.sav.sk\/en\/publications\/information-bulletin\/","title":{"rendered":"Information bulletin"},"content":{"rendered":"<table border=\"0\" width=\"650\" cellspacing=\"0\" cellpadding=\"0\" align=\"center\">\n<tbody>\n<tr>\n<td><img decoding=\"async\" src=\"https:\/\/sas.sav.sk\/wp-content\/uploads\/infologo.gif\" alt=\"Inform\u00e1tor SAS Logo\" width=\"550\" align=\"middle\" border=\"0\" \/><\/td>\n<\/tr>\n<tr>\n<td><img decoding=\"async\" src=\"https:\/\/sas.sav.sk\/wp-content\/uploads\/informator2021_1-2.jpg\" alt=\"Inform\u00e1tor SAS\" width=\"107\" align=\"left\" border=\"0\" hspace=\"20\" style=\"padding-right: 10px;\" \/><\/p>\n<h4><a href=\"https:\/\/sas.sav.sk\/wp-content\/uploads\/informator2021_1-2.pdf\"><b>Inform\u00e1tor SAS XXXII\/2021\/1-2<\/b> (vo form\u00e1te .pdf)<\/a><\/h4>\n<h5><b>Revue slovensk\u00fdch archeol\u00f3gov<\/b><\/h5>\n<p><i>(pre ulo\u017eenie na disk: kliknite prav\u00fdm tla\u010d\u00edtkom my\u0161i na odkaz a zo zoznamu vyberte vo\u013ebu &#8220;Save target as&#8230;&#8221; resp. &#8220;Ulo\u017ei\u0165 cie\u013e ako&#8230;&#8221;)<\/i><\/td>\n<\/tr>\n<tr>\n<td><img decoding=\"async\" src=\"https:\/\/sas.sav.sk\/wp-content\/uploads\/informator2019_1-2.jpg\" alt=\"Inform\u00e1tor SAS\" width=\"107\" align=\"left\" border=\"0\" hspace=\"20\" \/><\/p>\n<h4><a href=\"https:\/\/sas.sav.sk\/wp-content\/uploads\/informator2020_1-2.pdf\"><b>Inform\u00e1tor SAS XXXI\/2020\/1-2<\/b> (vo form\u00e1te .pdf)<\/a><\/h4>\n<p><i>(pre ulo\u017eenie na disk: kliknite prav\u00fdm tla\u010d\u00edtkom my\u0161i na odkaz a zo zoznamu vyberte vo\u013ebu &#8220;Save target as&#8230;&#8221; resp. &#8220;Ulo\u017ei\u0165 cie\u013e ako&#8230;&#8221;)<\/i><\/td>\n<\/tr>\n<tr>\n<td><img decoding=\"async\" src=\"https:\/\/sas.sav.sk\/wp-content\/uploads\/informator2019_1-2.jpg\" alt=\"Inform\u00e1tor SAS\" width=\"107\" align=\"left\" border=\"0\" hspace=\"20\" \/><\/p>\n<h4><a href=\"https:\/\/sas.sav.sk\/wp-content\/uploads\/informator2019_1-2.pdf\"><b>Inform\u00e1tor SAS XXX\/2019\/1-2<\/b> (vo form\u00e1te .pdf)<\/a><\/h4>\n<p><i>(pre ulo\u017eenie na disk: kliknite prav\u00fdm tla\u010d\u00edtkom my\u0161i na odkaz a zo zoznamu vyberte vo\u013ebu &#8220;Save target as&#8230;&#8221; resp. &#8220;Ulo\u017ei\u0165 cie\u013e ako&#8230;&#8221;)<\/i><\/td>\n<\/tr>\n<tr>\n<td><img decoding=\"async\" src=\"https:\/\/sas.sav.sk\/wp-content\/uploads\/informator2018_1-2.jpg\" alt=\"Inform\u00e1tor SAS\" width=\"107\" align=\"left\" border=\"0\" hspace=\"20\" \/><\/p>\n<h4><a href=\"https:\/\/sas.sav.sk\/wp-content\/uploads\/informator2018_1-2.pdf\"><b>Inform\u00e1tor SAS XXIX\/2018\/1-2<\/b> (vo form\u00e1te .pdf)<\/a><\/h4>\n<p><i>(pre ulo\u017eenie na disk: kliknite prav\u00fdm tla\u010d\u00edtkom my\u0161i na odkaz a zo zoznamu vyberte vo\u013ebu &#8220;Save target as&#8230;&#8221; resp. &#8220;Ulo\u017ei\u0165 cie\u013e ako&#8230;&#8221;)<\/i><\/td>\n<\/tr>\n<tr>\n<td><img decoding=\"async\" src=\"https:\/\/sas.sav.sk\/wp-content\/uploads\/informator2017_1-2.jpg\" alt=\"Inform\u00e1tor SAS\" width=\"120\" align=\"left\" border=\"0\" hspace=\"20\" \/><\/p>\n<h4><a href=\"https:\/\/sas.sav.sk\/wp-content\/uploads\/informator2017_1-2.pdf\"><b>Inform\u00e1tor SAS XXVIII\/2017\/1-2<\/b> (vo form\u00e1te .pdf)<\/a><\/h4>\n<p><i>(pre ulo\u017eenie na disk: kliknite prav\u00fdm tla\u010d\u00edtkom my\u0161i na odkaz a zo zoznamu vyberte vo\u013ebu &#8220;Save target as&#8230;&#8221; resp. &#8220;Ulo\u017ei\u0165 cie\u013e ako&#8230;&#8221;)<\/i><\/td>\n<\/tr>\n<tr>\n<tr>\n<td><img decoding=\"async\" src=\"https:\/\/sas.sav.sk\/wp-content\/uploads\/informator2016_2.jpg\" alt=\"Inform\u00e1tor SAS\" width=\"107\" align=\"left\" border=\"0\" hspace=\"20\" \/><\/p>\n<h4><a href=\"https:\/\/sas.sav.sk\/wp-content\/uploads\/informator2016_2.pdf\"><b>Inform\u00e1tor SAS XXVII\/2016\/2<\/b> (vo form\u00e1te .pdf)<\/a><\/h4>\n<p><i>(pre ulo\u017eenie na disk: kliknite prav\u00fdm tla\u010d\u00edtkom my\u0161i na odkaz a zo zoznamu vyberte vo\u013ebu &#8220;Save target as&#8230;&#8221; resp. &#8220;Ulo\u017ei\u0165 cie\u013e ako&#8230;&#8221;)<\/i><\/td>\n<\/tr>\n<tr>\n<td><img decoding=\"async\" src=\"https:\/\/sas.sav.sk\/wp-content\/uploads\/Informator_1_2016_web-ilustrat.jpg\" alt=\"Inform\u00e1tor SAS\" width=\"120\" align=\"left\" border=\"0\" hspace=\"20\" \/><\/p>\n<h4><a href=\"https:\/\/sas.sav.sk\/wp-content\/uploads\/Informator_1_2016_web.pdf\"><b>Inform\u00e1tor SAS XXVII\/2016\/1<\/b> (vo form\u00e1te .pdf)<\/a><\/h4>\n<p><i>(pre ulo\u017eenie na disk: kliknite prav\u00fdm tla\u010d\u00edtkom my\u0161i na odkaz a zo zoznamu vyberte vo\u013ebu &#8220;Save target as&#8230;&#8221; resp. &#8220;Ulo\u017ei\u0165 cie\u013e ako&#8230;&#8221;)<\/i><\/td>\n<\/tr>\n<tr>\n<td><img decoding=\"async\" src=\"https:\/\/sas.sav.sk\/wp-content\/uploads\/informator2013_1_2.jpg\" alt=\"Inform\u00e1tor SAS\" width=\"120\" align=\"left\" border=\"0\" hspace=\"20\" \/><\/p>\n<h4><a href=\"https:\/\/sas.sav.sk\/wp-content\/uploads\/informator2015_1.pdf\"><b>Inform\u00e1tor SAS XXVI\/2015\/1-2<\/b> (vo form\u00e1te .pdf)<\/a><\/h4>\n<p><a href=\"https:\/\/sas.sav.sk\/wp-content\/uploads\/informator2015_1_priloha.pdf\"><b>Inform\u00e1tor &#8211; pr\u00edloha (vo form\u00e1te .pdf)<\/b><\/a><br \/>\n<i>(pre ulo\u017eenie na disk: kliknite prav\u00fdm tla\u010d\u00edtkom my\u0161i na odkaz a zo zoznamu vyberte vo\u013ebu &#8220;Save target as&#8230;&#8221; resp. &#8220;Ulo\u017ei\u0165 cie\u013e ako&#8230;&#8221;)<\/i><\/td>\n<\/tr>\n<tr>\n<td><img decoding=\"async\" src=\"https:\/\/sas.sav.sk\/wp-content\/uploads\/informator2014_2.jpg\" alt=\"Inform\u00e1tor SAS\" width=\"120\" align=\"left\" border=\"0\" hspace=\"20\" \/><\/p>\n<h4><a href=\"https:\/\/sas.sav.sk\/wp-content\/uploads\/informator2014_2.pdf\"><b>Inform\u00e1tor SAS XXV\/2014\/2<\/b> (vo form\u00e1te .pdf)<\/a><\/h4>\n<p><i>(pre ulo\u017eenie na disk: kliknite prav\u00fdm tla\u010d\u00edtkom my\u0161i na odkaz a zo zoznamu vyberte vo\u013ebu &#8220;Save target as&#8230;&#8221; resp. &#8220;Ulo\u017ei\u0165 cie\u013e ako&#8230;&#8221;)<\/i><\/td>\n<\/tr>\n<tr>\n<td><img decoding=\"async\" src=\"https:\/\/sas.sav.sk\/wp-content\/uploads\/informator2014_1.jpg\" alt=\"Inform\u00e1tor SAS\" width=\"120\" align=\"left\" border=\"0\" hspace=\"20\" \/><\/p>\n<h4><a href=\"https:\/\/sas.sav.sk\/wp-content\/uploads\/informator2014_1.pdf\"><b>Inform\u00e1tor SAS XXV\/2014\/1<\/b> (vo form\u00e1te .pdf)<\/a><\/h4>\n<p><i>(pre ulo\u017eenie na disk: kliknite prav\u00fdm tla\u010d\u00edtkom my\u0161i na odkaz a zo zoznamu vyberte vo\u013ebu &#8220;Save target as&#8230;&#8221; resp. &#8220;Ulo\u017ei\u0165 cie\u013e ako&#8230;&#8221;)<\/i><\/td>\n<\/tr>\n<tr>\n<td><img decoding=\"async\" src=\"https:\/\/sas.sav.sk\/wp-content\/uploads\/informator2013_1_2.jpg\" alt=\"Inform\u00e1tor SAS\" width=\"120\" align=\"left\" border=\"0\" hspace=\"20\" \/><\/p>\n<h4><a href=\"https:\/\/sas.sav.sk\/wp-content\/uploads\/informator2013_1_2.pdf\"><b>Inform\u00e1tor SAS XXIV\/2013\/1-2<\/b> (vo form\u00e1te .pdf)<\/a><\/h4>\n<p><i>(pre ulo\u017eenie na disk: kliknite prav\u00fdm tla\u010d\u00edtkom my\u0161i na odkaz a zo zoznamu vyberte vo\u013ebu &#8220;Save target as&#8230;&#8221; resp. &#8220;Ulo\u017ei\u0165 cie\u013e ako&#8230;&#8221;)<\/i><\/td>\n<\/tr>\n<tr>\n<td><img decoding=\"async\" src=\"https:\/\/sas.sav.sk\/wp-content\/uploads\/informator2012_1_2.jpg\" alt=\"Inform\u00e1tor SAS\" width=\"120\" align=\"left\" border=\"0\" hspace=\"20\" \/><\/p>\n<h4><a href=\"https:\/\/sas.sav.sk\/wp-content\/uploads\/informator2012_1_2.pdf\"><b>Inform\u00e1tor SAS XXIII\/2012\/1-2<\/b> (vo form\u00e1te .pdf)<\/a><\/h4>\n<p><i>(pre ulo\u017eenie na disk: kliknite prav\u00fdm tla\u010d\u00edtkom my\u0161i na odkaz a zo zoznamu vyberte vo\u013ebu &#8220;Save target as&#8230;&#8221; resp. &#8220;Ulo\u017ei\u0165 cie\u013e ako&#8230;&#8221;)<\/i><\/td>\n<\/tr>\n<tr>\n<td><img decoding=\"async\" src=\"https:\/\/sas.sav.sk\/wp-content\/uploads\/informator2011_2.jpg\" alt=\"Inform\u00e1tor SAS\" width=\"120\" align=\"left\" border=\"0\" hspace=\"20\" \/><\/p>\n<h4><a href=\"https:\/\/sas.sav.sk\/wp-content\/uploads\/informator2011_2.pdf\"><b>Inform\u00e1tor SAS XXII\/2011\/2<\/b> (vo form\u00e1te .pdf)<\/a><\/h4>\n<p><i>(pre ulo\u017eenie na disk: kliknite prav\u00fdm tla\u010d\u00edtkom my\u0161i na odkaz a zo zoznamu vyberte vo\u013ebu &#8220;Save target as&#8230;&#8221; resp. &#8220;Ulo\u017ei\u0165 cie\u013e ako&#8230;&#8221;)<\/i><\/td>\n<\/tr>\n<tr>\n<td><img decoding=\"async\" src=\"https:\/\/sas.sav.sk\/wp-content\/uploads\/informator2011_1.jpg\" alt=\"Inform\u00e1tor SAS\" width=\"120\" align=\"left\" border=\"0\" hspace=\"20\" \/><\/p>\n<h4><a href=\"https:\/\/sas.sav.sk\/wp-content\/uploads\/informator2011_1.pdf\"><b>Inform\u00e1tor SAS XXII\/2011\/1<\/b> (vo form\u00e1te .pdf)<\/a><\/h4>\n<p><i>(pre ulo\u017eenie na disk: kliknite prav\u00fdm tla\u010d\u00edtkom my\u0161i na odkaz a zo zoznamu vyberte vo\u013ebu &#8220;Save target as&#8230;&#8221; resp. &#8220;Ulo\u017ei\u0165 cie\u013e ako&#8230;&#8221;)<\/i><\/td>\n<\/tr>\n<tr>\n<td><img decoding=\"async\" src=\"https:\/\/sas.sav.sk\/wp-content\/uploads\/informator2010_2.jpg\" alt=\"Inform\u00e1tor SAS\" width=\"120\" align=\"left\" border=\"0\" hspace=\"20\" \/><\/p>\n<h4><a href=\"https:\/\/sas.sav.sk\/wp-content\/uploads\/informator2010_2.pdf\"><b>Inform\u00e1tor SAS XXI\/2010\/2<\/b> (vo form\u00e1te .pdf)<\/a><\/h4>\n<p><i>(pre ulo\u017eenie na disk: kliknite prav\u00fdm tla\u010d\u00edtkom my\u0161i na odkaz a zo zoznamu vyberte vo\u013ebu &#8220;Save target as&#8230;&#8221; resp. &#8220;Ulo\u017ei\u0165 cie\u013e ako&#8230;&#8221;)<\/i><\/td>\n<\/tr>\n<tr>\n<td><img decoding=\"async\" src=\"https:\/\/sas.sav.sk\/wp-content\/uploads\/informator2010_1.jpg\" alt=\"Inform\u00e1tor SAS\" width=\"120\" align=\"left\" border=\"0\" hspace=\"20\" \/><\/p>\n<h4><a href=\"https:\/\/sas.sav.sk\/wp-content\/uploads\/informator2010_1.pdf\"><b>Inform\u00e1tor SAS XXI\/2010\/1<\/b> (vo form\u00e1te .pdf)<\/a><\/h4>\n<p><i>(pre ulo\u017eenie na disk: kliknite prav\u00fdm tla\u010d\u00edtkom my\u0161i na odkaz a zo zoznamu vyberte vo\u013ebu &#8220;Save target as&#8230;&#8221; resp. &#8220;Ulo\u017ei\u0165 cie\u013e ako&#8230;&#8221;)<\/i><\/td>\n<\/tr>\n<tr>\n<td><img decoding=\"async\" src=\"https:\/\/sas.sav.sk\/wp-content\/uploads\/informator09_1_2.jpg\" alt=\"Inform\u00e1tor SAS\" width=\"120\" align=\"left\" border=\"0\" hspace=\"20\" \/><\/p>\n<h4><a href=\"https:\/\/sas.sav.sk\/wp-content\/uploads\/informator2009_1_2.pdf\"><b>Inform\u00e1tor SAS XX\/2009\/1-2<\/b> (vo form\u00e1te .pdf)<\/a><\/h4>\n<p><i>(pre ulo\u017eenie na disk: kliknite prav\u00fdm tla\u010d\u00edtkom my\u0161i na odkaz a zo zoznamu vyberte vo\u013ebu &#8220;Save target as&#8230;&#8221; resp. &#8220;Ulo\u017ei\u0165 cie\u013e ako&#8230;&#8221;)<\/i><\/td>\n<\/tr>\n<tr>\n<td><img decoding=\"async\" src=\"https:\/\/sas.sav.sk\/wp-content\/uploads\/informator08_2.jpg\" alt=\"Inform\u00e1tor SAS\" width=\"120\" align=\"left\" border=\"0\" hspace=\"20\" \/><\/p>\n<h4><a href=\"https:\/\/sas.sav.sk\/wp-content\/uploads\/informator2008_2.pdf\"><b>Inform\u00e1tor SAS XIX\/2008\/2<\/b> (vo form\u00e1te .pdf)<\/a><\/h4>\n<p><i>(pre ulo\u017eenie na disk: kliknite prav\u00fdm tla\u010d\u00edtkom my\u0161i na odkaz a zo zoznamu vyberte vo\u013ebu &#8220;Save target as&#8230;&#8221; resp. &#8220;Ulo\u017ei\u0165 cie\u013e ako&#8230;&#8221;)<\/i><\/td>\n<\/tr>\n<tr>\n<td><img decoding=\"async\" src=\"https:\/\/sas.sav.sk\/wp-content\/uploads\/informator08_1.jpg\" alt=\"Inform\u00e1tor SAS\" width=\"120\" align=\"left\" border=\"0\" hspace=\"20\" \/><\/p>\n<h4><a href=\"https:\/\/sas.sav.sk\/wp-content\/uploads\/informator2008_1.pdf\"><b>Inform\u00e1tor SAS XIX\/2008\/1<\/b> (vo form\u00e1te .pdf)<\/a><\/h4>\n<p><i>(pre ulo\u017eenie na disk: kliknite prav\u00fdm tla\u010d\u00edtkom my\u0161i na odkaz a zo zoznamu vyberte vo\u013ebu &#8220;Save target as&#8230;&#8221; resp. &#8220;Ulo\u017ei\u0165 cie\u013e ako&#8230;&#8221;)<\/i><\/td>\n<\/tr>\n<tr>\n<td><img decoding=\"async\" src=\"https:\/\/sas.sav.sk\/wp-content\/uploads\/informator07.jpg\" alt=\"Inform\u00e1tor SAS\" width=\"120\" align=\"left\" border=\"0\" hspace=\"20\" \/><\/p>\n<h4><a href=\"https:\/\/sas.sav.sk\/wp-content\/uploads\/informator2007.pdf\"><b>Inform\u00e1tor SAS XVIII\/2007\/1-2<\/b> (vo form\u00e1te .pdf)<\/a><\/h4>\n<p><i>(pre ulo\u017eenie na disk: kliknite prav\u00fdm tla\u010d\u00edtkom my\u0161i na odkaz a zo zoznamu vyberte vo\u013ebu &#8220;Save target as&#8230;&#8221; resp. &#8220;Ulo\u017ei\u0165 cie\u013e ako&#8230;&#8221;)<\/i><\/td>\n<\/tr>\n<\/tbody>\n<\/table>\n","protected":false},"excerpt":{"rendered":"<p>Inform\u00e1tor SAS XXXII\/2021\/1-2 (vo form\u00e1te .pdf) Revue slovensk\u00fdch archeol\u00f3gov (pre ulo\u017eenie na disk: kliknite prav\u00fdm tla\u010d\u00edtkom my\u0161i na odkaz a zo zoznamu vyberte vo\u013ebu &#8220;Save target as&#8230;&#8221; resp. &#8220;Ulo\u017ei\u0165 cie\u013e ako&#8230;&#8221;) Inform\u00e1tor SAS XXXI\/2020\/1-2 (vo form\u00e1te .pdf) (pre ulo\u017eenie na disk: kliknite prav\u00fdm tla\u010d\u00edtkom my\u0161i na odkaz a zo zoznamu vyberte vo\u013ebu &#8220;Save target as&#8230;&#8221;&#8230;<\/p>\n","protected":false},"author":1,"featured_media":0,"parent":79,"menu_order":0,"comment_status":"closed","ping_status":"closed","template":"","meta":{"_monsterinsights_skip_tracking":false,"_monsterinsights_sitenote_active":false,"_monsterinsights_sitenote_note":"","_monsterinsights_sitenote_category":0,"footnotes":"","_links_to":"","_links_to_target":""},"class_list":["post-135","page","type-page","status-publish","hentry"],"_links":{"self":[{"href":"https:\/\/sas.sav.sk\/en\/wp-json\/wp\/v2\/pages\/135","targetHints":{"allow":["GET"]}}],"collection":[{"href":"https:\/\/sas.sav.sk\/en\/wp-json\/wp\/v2\/pages"}],"about":[{"href":"https:\/\/sas.sav.sk\/en\/wp-json\/wp\/v2\/types\/page"}],"author":[{"embeddable":true,"href":"https:\/\/sas.sav.sk\/en\/wp-json\/wp\/v2\/users\/1"}],"replies":[{"embeddable":true,"href":"https:\/\/sas.sav.sk\/en\/wp-json\/wp\/v2\/comments?post=135"}],"version-history":[{"count":5,"href":"https:\/\/sas.sav.sk\/en\/wp-json\/wp\/v2\/pages\/135\/revisions"}],"predecessor-version":[{"id":391,"href":"https:\/\/sas.sav.sk\/en\/wp-json\/wp\/v2\/pages\/135\/revisions\/391"}],"up":[{"embeddable":true,"href":"https:\/\/sas.sav.sk\/en\/wp-json\/wp\/v2\/pages\/79"}],"wp:attachment":[{"href":"https:\/\/sas.sav.sk\/en\/wp-json\/wp\/v2\/media?parent=135"}],"curies":[{"name":"wp","href":"https:\/\/api.w.org\/{rel}","templated":true}]}}