{"id":121,"date":"2017-04-13T08:44:30","date_gmt":"2017-04-13T06:44:30","guid":{"rendered":"http:\/\/www.sas.sav.sk\/en\/?page_id=121"},"modified":"2022-10-03T21:27:28","modified_gmt":"2022-10-03T19:27:28","slug":"hradiska-severneho-potisia-2009","status":"publish","type":"page","link":"https:\/\/sas.sav.sk\/en\/gallery\/hradiska-severneho-potisia-2009\/","title":{"rendered":"Hradisk\u00e1 severn\u00e9ho Potisia 2009"},"content":{"rendered":"<h3>Hradisk\u00e1 severn\u00e9ho Potisia \u2013 Hradisko Zempl\u00edn, 4.9.2009<\/h3>\n<p><a title=\"Leteck\u00fd z\u00e1ber na hradisko v Zempl\u00edne (Foto: I. Kuzma)\" href=\"https:\/\/sas.sav.sk\/fotogaleria\/zemplin200901.jpg\" rel=\"lightbox[zemplin2009]\"><img decoding=\"async\" src=\"https:\/\/sas.sav.sk\/fotogaleria\/zemplin200901.jpg\" alt=\"\" height=\"150\" border=\"1\" \/><\/a> <a title=\"Starostka obce M\u00e1ria Tuchy\u0148ov\u00e1 v\u00edta \u00fa\u010dastn\u00edkov konferencie (Foto: A Markov\u00e1)\" href=\"https:\/\/sas.sav.sk\/fotogaleria\/zemplin200902.jpg\" rel=\"lightbox[zemplin2009]\"><img decoding=\"async\" src=\"https:\/\/sas.sav.sk\/fotogaleria\/zemplin200902.jpg\" alt=\"\" height=\"150\" border=\"1\" \/><\/a><\/p>\n","protected":false},"excerpt":{"rendered":"<p>Hradisk\u00e1 severn\u00e9ho Potisia \u2013 Hradisko Zempl\u00edn, 4.9.2009<\/p>\n","protected":false},"author":1,"featured_media":0,"parent":87,"menu_order":60,"comment_status":"closed","ping_status":"closed","template":"","meta":{"_monsterinsights_skip_tracking":false,"_monsterinsights_sitenote_active":false,"_monsterinsights_sitenote_note":"","_monsterinsights_sitenote_category":0,"footnotes":"","_links_to":"","_links_to_target":""},"class_list":["post-121","page","type-page","status-publish","hentry"],"_links":{"self":[{"href":"https:\/\/sas.sav.sk\/en\/wp-json\/wp\/v2\/pages\/121","targetHints":{"allow":["GET"]}}],"collection":[{"href":"https:\/\/sas.sav.sk\/en\/wp-json\/wp\/v2\/pages"}],"about":[{"href":"https:\/\/sas.sav.sk\/en\/wp-json\/wp\/v2\/types\/page"}],"author":[{"embeddable":true,"href":"https:\/\/sas.sav.sk\/en\/wp-json\/wp\/v2\/users\/1"}],"replies":[{"embeddable":true,"href":"https:\/\/sas.sav.sk\/en\/wp-json\/wp\/v2\/comments?post=121"}],"version-history":[{"count":2,"href":"https:\/\/sas.sav.sk\/en\/wp-json\/wp\/v2\/pages\/121\/revisions"}],"predecessor-version":[{"id":395,"href":"https:\/\/sas.sav.sk\/en\/wp-json\/wp\/v2\/pages\/121\/revisions\/395"}],"up":[{"embeddable":true,"href":"https:\/\/sas.sav.sk\/en\/wp-json\/wp\/v2\/pages\/87"}],"wp:attachment":[{"href":"https:\/\/sas.sav.sk\/en\/wp-json\/wp\/v2\/media?parent=121"}],"curies":[{"name":"wp","href":"https:\/\/api.w.org\/{rel}","templated":true}]}}