{"id":119,"date":"2017-04-13T08:44:02","date_gmt":"2017-04-13T06:44:02","guid":{"rendered":"http:\/\/www.sas.sav.sk\/en\/?page_id=119"},"modified":"2022-10-03T21:27:46","modified_gmt":"2022-10-03T19:27:46","slug":"aktualne-problemy-archeologickeho-badania-2010","status":"publish","type":"page","link":"https:\/\/sas.sav.sk\/en\/gallery\/aktualne-problemy-archeologickeho-badania-2010\/","title":{"rendered":"Aktu\u00e1lne probl\u00e9my archeologick\u00e9ho b\u00e1dania 2010"},"content":{"rendered":"<h3>Aktu\u00e1lne probl\u00e9my archeologick\u00e9ho b\u00e1dania na Slovensku<\/h3>\n<p>(2. diskusn\u00e9 f\u00f3rum), 23.3.2010<br \/>\n<a title=\"\u00da\u010dastn\u00edkov konferencie priv\u00edtal riadite\u013e Archeologick\u00e9ho m\u00fazea SNM PhDr. Juraj Bart\u00edk, PhD. a podpredsedn\u00ed\u010dka SAS PhDr. Susanne Stegmann-Rajt\u00e1r, CSc.\" href=\"https:\/\/sas.sav.sk\/fotogaleria\/2010-aktualneproblemy1.jpg\" rel=\"lightbox[2010-aktualneproblemy]\"><img decoding=\"async\" src=\"https:\/\/sas.sav.sk\/fotogaleria\/2010-aktualneproblemy1.jpg\" alt=\"\" height=\"150\" border=\"1\" \/><\/a> <a title=\"V diskusii vyst\u00fapil aj riadite\u013e A\u00daSAV PhDr. Matej Ruttkay, CSc.\" href=\"https:\/\/sas.sav.sk\/fotogaleria\/2010-aktualneproblemy2.jpg\" rel=\"lightbox[2010-aktualneproblemy]\"><img decoding=\"async\" src=\"https:\/\/sas.sav.sk\/fotogaleria\/2010-aktualneproblemy2.jpg\" alt=\"\" height=\"150\" border=\"1\" \/><\/a> <a title=\"V popred\u00ed prof. PhDr. Eduard Krekovi\u010d, CSc. a PhDr. Juraj Bart\u00edk, PhD.\" href=\"https:\/\/sas.sav.sk\/fotogaleria\/2010-aktualneproblemy3.jpg\" rel=\"lightbox[2010-aktualneproblemy]\"><img decoding=\"async\" src=\"https:\/\/sas.sav.sk\/fotogaleria\/2010-aktualneproblemy3.jpg\" alt=\"\" height=\"150\" border=\"1\" \/><\/a><\/p>\n","protected":false},"excerpt":{"rendered":"<p>Aktu\u00e1lne probl\u00e9my archeologick\u00e9ho b\u00e1dania na Slovensku (2. diskusn\u00e9 f\u00f3rum), 23.3.2010<\/p>\n","protected":false},"author":1,"featured_media":0,"parent":87,"menu_order":50,"comment_status":"closed","ping_status":"closed","template":"","meta":{"_monsterinsights_skip_tracking":false,"_monsterinsights_sitenote_active":false,"_monsterinsights_sitenote_note":"","_monsterinsights_sitenote_category":0,"footnotes":"","_links_to":"","_links_to_target":""},"class_list":["post-119","page","type-page","status-publish","hentry"],"_links":{"self":[{"href":"https:\/\/sas.sav.sk\/en\/wp-json\/wp\/v2\/pages\/119","targetHints":{"allow":["GET"]}}],"collection":[{"href":"https:\/\/sas.sav.sk\/en\/wp-json\/wp\/v2\/pages"}],"about":[{"href":"https:\/\/sas.sav.sk\/en\/wp-json\/wp\/v2\/types\/page"}],"author":[{"embeddable":true,"href":"https:\/\/sas.sav.sk\/en\/wp-json\/wp\/v2\/users\/1"}],"replies":[{"embeddable":true,"href":"https:\/\/sas.sav.sk\/en\/wp-json\/wp\/v2\/comments?post=119"}],"version-history":[{"count":2,"href":"https:\/\/sas.sav.sk\/en\/wp-json\/wp\/v2\/pages\/119\/revisions"}],"predecessor-version":[{"id":396,"href":"https:\/\/sas.sav.sk\/en\/wp-json\/wp\/v2\/pages\/119\/revisions\/396"}],"up":[{"embeddable":true,"href":"https:\/\/sas.sav.sk\/en\/wp-json\/wp\/v2\/pages\/87"}],"wp:attachment":[{"href":"https:\/\/sas.sav.sk\/en\/wp-json\/wp\/v2\/media?parent=119"}],"curies":[{"name":"wp","href":"https:\/\/api.w.org\/{rel}","templated":true}]}}