{"id":117,"date":"2017-04-13T08:43:29","date_gmt":"2017-04-13T06:43:29","guid":{"rendered":"http:\/\/www.sas.sav.sk\/en\/?page_id=117"},"modified":"2022-10-03T21:28:09","modified_gmt":"2022-10-03T19:28:09","slug":"zjazd-slovenskych-archeologov-2010","status":"publish","type":"page","link":"https:\/\/sas.sav.sk\/en\/gallery\/zjazd-slovenskych-archeologov-2010\/","title":{"rendered":"Zjazd slovensk\u00fdch archeol\u00f3gov 2010"},"content":{"rendered":"<h3>Valn\u00e9 zhroma\u017edenie SAS pri SAV 2010 a Zjazd slovensk\u00fdch archeol\u00f3gov 2010<\/h3>\n<p>20.-21.4.2010<\/p>\n<p><a title=\"Valn\u00e9 zhroma\u017edenie SAS pri SAV 2010 a Zjazd slovensk\u00fdch archeol\u00f3gov 2010.\" href=\"https:\/\/sas.sav.sk\/fotogaleria\/2010-zjazd_sas01.jpg\" rel=\"lightbox[2010-zjazd_sas]\"><img decoding=\"async\" src=\"https:\/\/sas.sav.sk\/fotogaleria\/2010-zjazd_sas01.jpg\" alt=\"\" height=\"150\" border=\"1\" \/><\/a> <a title=\"Valn\u00e9 zhroma\u017edenie SAS pri SAV 2010 a Zjazd slovensk\u00fdch archeol\u00f3gov 2010.\" href=\"https:\/\/sas.sav.sk\/fotogaleria\/2010-zjazd_sas02.jpg\" rel=\"lightbox[2010-zjazd_sas]\"><img decoding=\"async\" src=\"https:\/\/sas.sav.sk\/fotogaleria\/2010-zjazd_sas02.jpg\" alt=\"\" height=\"150\" border=\"1\" \/><\/a> <a title=\"Valn\u00e9 zhroma\u017edenie SAS pri SAV 2010 a Zjazd slovensk\u00fdch archeol\u00f3gov 2010.\" href=\"https:\/\/sas.sav.sk\/fotogaleria\/2010-zjazd_sas03.jpg\" rel=\"lightbox[2010-zjazd_sas]\"><img decoding=\"async\" src=\"https:\/\/sas.sav.sk\/fotogaleria\/2010-zjazd_sas03.jpg\" alt=\"\" height=\"150\" border=\"1\" \/><\/a> <a title=\"Valn\u00e9 zhroma\u017edenie SAS pri SAV 2010 a Zjazd slovensk\u00fdch archeol\u00f3gov 2010.\" href=\"https:\/\/sas.sav.sk\/fotogaleria\/2010-zjazd_sas04.jpg\" rel=\"lightbox[2010-zjazd_sas]\"><img decoding=\"async\" src=\"https:\/\/sas.sav.sk\/fotogaleria\/2010-zjazd_sas04.jpg\" alt=\"\" height=\"150\" border=\"1\" \/><\/a><\/p>\n","protected":false},"excerpt":{"rendered":"<p>Valn\u00e9 zhroma\u017edenie SAS pri SAV 2010 a Zjazd slovensk\u00fdch archeol\u00f3gov 2010 20.-21.4.2010<\/p>\n","protected":false},"author":1,"featured_media":0,"parent":87,"menu_order":40,"comment_status":"closed","ping_status":"closed","template":"","meta":{"_monsterinsights_skip_tracking":false,"_monsterinsights_sitenote_active":false,"_monsterinsights_sitenote_note":"","_monsterinsights_sitenote_category":0,"footnotes":"","_links_to":"","_links_to_target":""},"class_list":["post-117","page","type-page","status-publish","hentry"],"_links":{"self":[{"href":"https:\/\/sas.sav.sk\/en\/wp-json\/wp\/v2\/pages\/117","targetHints":{"allow":["GET"]}}],"collection":[{"href":"https:\/\/sas.sav.sk\/en\/wp-json\/wp\/v2\/pages"}],"about":[{"href":"https:\/\/sas.sav.sk\/en\/wp-json\/wp\/v2\/types\/page"}],"author":[{"embeddable":true,"href":"https:\/\/sas.sav.sk\/en\/wp-json\/wp\/v2\/users\/1"}],"replies":[{"embeddable":true,"href":"https:\/\/sas.sav.sk\/en\/wp-json\/wp\/v2\/comments?post=117"}],"version-history":[{"count":2,"href":"https:\/\/sas.sav.sk\/en\/wp-json\/wp\/v2\/pages\/117\/revisions"}],"predecessor-version":[{"id":397,"href":"https:\/\/sas.sav.sk\/en\/wp-json\/wp\/v2\/pages\/117\/revisions\/397"}],"up":[{"embeddable":true,"href":"https:\/\/sas.sav.sk\/en\/wp-json\/wp\/v2\/pages\/87"}],"wp:attachment":[{"href":"https:\/\/sas.sav.sk\/en\/wp-json\/wp\/v2\/media?parent=117"}],"curies":[{"name":"wp","href":"https:\/\/api.w.org\/{rel}","templated":true}]}}