{"id":115,"date":"2017-04-13T08:42:44","date_gmt":"2017-04-13T06:42:44","guid":{"rendered":"http:\/\/www.sas.sav.sk\/en\/?page_id=115"},"modified":"2022-10-03T21:28:31","modified_gmt":"2022-10-03T19:28:31","slug":"zjazd-slovenskych-archeologov-2012","status":"publish","type":"page","link":"https:\/\/sas.sav.sk\/en\/gallery\/zjazd-slovenskych-archeologov-2012\/","title":{"rendered":"Zjazd slovensk\u00fdch archeol\u00f3gov 2012"},"content":{"rendered":"<h3>V\u00fdro\u010dn\u00e9 zhroma\u017edenie Slovenskej archeologickej spolo\u010dnosti pri SAV a Zjazd slovensk\u00fdch archeol\u00f3gov 2012<\/h3>\n<p>17.\u201318.4.2012<\/p>\n<p><a title=\"Zjazd slovensk\u00fdch archeol\u00f3gov 2012.\" href=\"https:\/\/sas.sav.sk\/fotogaleria\/2012-zjazd_sas_01.jpg\" rel=\"lightbox[2012-zjazd_sas]\"><img decoding=\"async\" src=\"https:\/\/sas.sav.sk\/fotogaleria\/2012-zjazd_sas_01-nahlad.jpg\" alt=\"\" width=\"200\" border=\"1\" \/><\/a> <a title=\"Zjazd slovensk\u00fdch archeol\u00f3gov 2012.\" href=\"https:\/\/sas.sav.sk\/fotogaleria\/2012-zjazd_sas_02.jpg\" rel=\"lightbox[2012-zjazd_sas]\"><img decoding=\"async\" src=\"https:\/\/sas.sav.sk\/fotogaleria\/2012-zjazd_sas_02-nahlad.jpg\" alt=\"\" width=\"200\" border=\"1\" \/><\/a> <a title=\"Zjazd slovensk\u00fdch archeol\u00f3gov 2012.\" href=\"https:\/\/sas.sav.sk\/fotogaleria\/2012-zjazd_sas_03.jpg\" rel=\"lightbox[2012-zjazd_sas]\"><img decoding=\"async\" src=\"https:\/\/sas.sav.sk\/fotogaleria\/2012-zjazd_sas_03-nahlad.jpg\" alt=\"\" width=\"200\" border=\"1\" \/><\/a> <a title=\"Zjazd slovensk\u00fdch archeol\u00f3gov 2012.\" href=\"https:\/\/sas.sav.sk\/fotogaleria\/2012-zjazd_sas_04.jpg\" rel=\"lightbox[2012-zjazd_sas]\"><img decoding=\"async\" src=\"https:\/\/sas.sav.sk\/fotogaleria\/2012-zjazd_sas_04-nahlad.jpg\" alt=\"\" width=\"200\" border=\"1\" \/><\/a> <a title=\"Zjazd slovensk\u00fdch archeol\u00f3gov 2012.\" href=\"https:\/\/sas.sav.sk\/fotogaleria\/2012-zjazd_sas_05.jpg\" rel=\"lightbox[2012-zjazd_sas]\"><img decoding=\"async\" src=\"https:\/\/sas.sav.sk\/fotogaleria\/2012-zjazd_sas_05-nahlad.jpg\" alt=\"\" width=\"200\" border=\"1\" \/><\/a> <a title=\"Zjazd slovensk\u00fdch archeol\u00f3gov 2012.\" href=\"https:\/\/sas.sav.sk\/fotogaleria\/2012-zjazd_sas_06.jpg\" rel=\"lightbox[2012-zjazd_sas]\"><img decoding=\"async\" src=\"https:\/\/sas.sav.sk\/fotogaleria\/2012-zjazd_sas_06-nahlad.jpg\" alt=\"\" width=\"200\" border=\"1\" \/><\/a> <a title=\"Zjazd slovensk\u00fdch archeol\u00f3gov 2012.\" href=\"https:\/\/sas.sav.sk\/fotogaleria\/2012-zjazd_sas_07.jpg\" rel=\"lightbox[2012-zjazd_sas]\"><img decoding=\"async\" src=\"https:\/\/sas.sav.sk\/fotogaleria\/2012-zjazd_sas_07-nahlad.jpg\" alt=\"\" width=\"200\" border=\"1\" \/><\/a> <a title=\"Zjazd slovensk\u00fdch archeol\u00f3gov 2012.\" href=\"https:\/\/sas.sav.sk\/fotogaleria\/2012-zjazd_sas_08.jpg\" rel=\"lightbox[2012-zjazd_sas]\"><img decoding=\"async\" src=\"https:\/\/sas.sav.sk\/fotogaleria\/2012-zjazd_sas_08-nahlad.jpg\" alt=\"\" width=\"200\" border=\"1\" \/><\/a> <a title=\"Zjazd slovensk\u00fdch archeol\u00f3gov 2012.\" href=\"https:\/\/sas.sav.sk\/fotogaleria\/2012-zjazd_sas_09.jpg\" rel=\"lightbox[2012-zjazd_sas]\"><img decoding=\"async\" src=\"https:\/\/sas.sav.sk\/fotogaleria\/2012-zjazd_sas_09-nahlad.jpg\" alt=\"\" width=\"200\" border=\"1\" \/><\/a> <a title=\"Zjazd slovensk\u00fdch archeol\u00f3gov 2012.\" href=\"https:\/\/sas.sav.sk\/fotogaleria\/2012-zjazd_sas_10.jpg\" rel=\"lightbox[2012-zjazd_sas]\"><img decoding=\"async\" src=\"https:\/\/sas.sav.sk\/fotogaleria\/2012-zjazd_sas_10-nahlad.jpg\" alt=\"\" width=\"200\" border=\"1\" \/><\/a> <a title=\"Zjazd slovensk\u00fdch archeol\u00f3gov 2012.\" href=\"https:\/\/sas.sav.sk\/fotogaleria\/2012-zjazd_sas_11.jpg\" rel=\"lightbox[2012-zjazd_sas]\"><img decoding=\"async\" src=\"https:\/\/sas.sav.sk\/fotogaleria\/2012-zjazd_sas_11-nahlad.jpg\" alt=\"\" width=\"200\" border=\"1\" \/><\/a> <a title=\"Zjazd slovensk\u00fdch archeol\u00f3gov 2012.\" href=\"https:\/\/sas.sav.sk\/fotogaleria\/2012-zjazd_sas_12.jpg\" rel=\"lightbox[2012-zjazd_sas]\"><img decoding=\"async\" src=\"https:\/\/sas.sav.sk\/fotogaleria\/2012-zjazd_sas_12-nahlad.jpg\" alt=\"\" width=\"200\" border=\"1\" \/><\/a> <a title=\"Zjazd slovensk\u00fdch archeol\u00f3gov 2012.\" href=\"https:\/\/sas.sav.sk\/fotogaleria\/2012-zjazd_sas_13.jpg\" rel=\"lightbox[2012-zjazd_sas]\"><img decoding=\"async\" src=\"https:\/\/sas.sav.sk\/fotogaleria\/2012-zjazd_sas_13-nahlad.jpg\" alt=\"\" width=\"200\" border=\"1\" \/><\/a> <a title=\"Zjazd slovensk\u00fdch archeol\u00f3gov 2012.\" href=\"https:\/\/sas.sav.sk\/fotogaleria\/2012-zjazd_sas_14.jpg\" rel=\"lightbox[2012-zjazd_sas]\"><img decoding=\"async\" src=\"https:\/\/sas.sav.sk\/fotogaleria\/2012-zjazd_sas_14-nahlad.jpg\" alt=\"\" width=\"200\" border=\"1\" \/><\/a> <a title=\"Zjazd slovensk\u00fdch archeol\u00f3gov 2012.\" href=\"https:\/\/sas.sav.sk\/fotogaleria\/2012-zjazd_sas_15.jpg\" rel=\"lightbox[2012-zjazd_sas]\"><img decoding=\"async\" src=\"https:\/\/sas.sav.sk\/fotogaleria\/2012-zjazd_sas_15-nahlad.jpg\" alt=\"\" width=\"200\" border=\"1\" \/><\/a> <a title=\"Zjazd slovensk\u00fdch archeol\u00f3gov 2012.\" href=\"https:\/\/sas.sav.sk\/fotogaleria\/2012-zjazd_sas_16.jpg\" rel=\"lightbox[2012-zjazd_sas]\"><img decoding=\"async\" src=\"https:\/\/sas.sav.sk\/fotogaleria\/2012-zjazd_sas_16-nahlad.jpg\" alt=\"\" width=\"200\" border=\"1\" \/><\/a><\/p>\n","protected":false},"excerpt":{"rendered":"<p>V\u00fdro\u010dn\u00e9 zhroma\u017edenie Slovenskej archeologickej spolo\u010dnosti pri SAV a Zjazd slovensk\u00fdch archeol\u00f3gov 2012 17.\u201318.4.2012<\/p>\n","protected":false},"author":1,"featured_media":0,"parent":87,"menu_order":30,"comment_status":"closed","ping_status":"closed","template":"","meta":{"_monsterinsights_skip_tracking":false,"_monsterinsights_sitenote_active":false,"_monsterinsights_sitenote_note":"","_monsterinsights_sitenote_category":0,"footnotes":"","_links_to":"","_links_to_target":""},"class_list":["post-115","page","type-page","status-publish","hentry"],"_links":{"self":[{"href":"https:\/\/sas.sav.sk\/en\/wp-json\/wp\/v2\/pages\/115","targetHints":{"allow":["GET"]}}],"collection":[{"href":"https:\/\/sas.sav.sk\/en\/wp-json\/wp\/v2\/pages"}],"about":[{"href":"https:\/\/sas.sav.sk\/en\/wp-json\/wp\/v2\/types\/page"}],"author":[{"embeddable":true,"href":"https:\/\/sas.sav.sk\/en\/wp-json\/wp\/v2\/users\/1"}],"replies":[{"embeddable":true,"href":"https:\/\/sas.sav.sk\/en\/wp-json\/wp\/v2\/comments?post=115"}],"version-history":[{"count":2,"href":"https:\/\/sas.sav.sk\/en\/wp-json\/wp\/v2\/pages\/115\/revisions"}],"predecessor-version":[{"id":398,"href":"https:\/\/sas.sav.sk\/en\/wp-json\/wp\/v2\/pages\/115\/revisions\/398"}],"up":[{"embeddable":true,"href":"https:\/\/sas.sav.sk\/en\/wp-json\/wp\/v2\/pages\/87"}],"wp:attachment":[{"href":"https:\/\/sas.sav.sk\/en\/wp-json\/wp\/v2\/media?parent=115"}],"curies":[{"name":"wp","href":"https:\/\/api.w.org\/{rel}","templated":true}]}}