{"id":111,"date":"2017-04-13T08:40:43","date_gmt":"2017-04-13T06:40:43","guid":{"rendered":"http:\/\/www.sas.sav.sk\/en\/?page_id=111"},"modified":"2022-10-03T21:29:12","modified_gmt":"2022-10-03T19:29:12","slug":"zjazd-slovenskych-archeologov-2013","status":"publish","type":"page","link":"https:\/\/sas.sav.sk\/en\/gallery\/zjazd-slovenskych-archeologov-2013\/","title":{"rendered":"Zjazd slovensk\u00fdch archeol\u00f3gov 2013"},"content":{"rendered":"<h3>Zjazd slovensk\u00fdch archeol\u00f3gov a vedeck\u00fd semin\u00e1r 2013<\/h3>\n<p>10.4.2013<\/p>\n<p><a title=\"Zjazd slovensk\u00fdch archeol\u00f3gov 2013.\" href=\"https:\/\/sas.sav.sk\/fotogaleria\/zjazdsas2013_01.jpg\" rel=\"lightbox[2013-zjazd_sas]\"><img decoding=\"async\" src=\"https:\/\/sas.sav.sk\/fotogaleria\/zjazdsas2013_01-nahlad.jpg\" alt=\"\" width=\"200\" border=\"1\" \/><\/a> <a title=\"Zjazd slovensk\u00fdch archeol\u00f3gov 2013.\" href=\"https:\/\/sas.sav.sk\/fotogaleria\/zjazdsas2013_02.jpg\" rel=\"lightbox[2013-zjazd_sas]\"><img decoding=\"async\" src=\"https:\/\/sas.sav.sk\/fotogaleria\/zjazdsas2013_02-nahlad.jpg\" alt=\"\" width=\"200\" border=\"1\" \/><\/a> <a title=\"Zjazd slovensk\u00fdch archeol\u00f3gov 2013.\" href=\"https:\/\/sas.sav.sk\/fotogaleria\/zjazdsas2013_03.jpg\" rel=\"lightbox[2013-zjazd_sas]\"><img decoding=\"async\" src=\"https:\/\/sas.sav.sk\/fotogaleria\/zjazdsas2013_03-nahlad.jpg\" alt=\"\" width=\"200\" border=\"1\" \/><\/a> <a title=\"Zjazd slovensk\u00fdch archeol\u00f3gov 2013.\" href=\"https:\/\/sas.sav.sk\/fotogaleria\/zjazdsas2013_04.jpg\" rel=\"lightbox[2013-zjazd_sas]\"><img decoding=\"async\" src=\"https:\/\/sas.sav.sk\/fotogaleria\/zjazdsas2013_04-nahlad.jpg\" alt=\"\" width=\"200\" border=\"1\" \/><\/a> <a title=\"Zjazd slovensk\u00fdch archeol\u00f3gov 2013.\" href=\"https:\/\/sas.sav.sk\/fotogaleria\/zjazdsas2013_05.jpg\" rel=\"lightbox[2013-zjazd_sas]\"><img decoding=\"async\" src=\"https:\/\/sas.sav.sk\/fotogaleria\/zjazdsas2013_05-nahlad.jpg\" alt=\"\" width=\"200\" border=\"1\" \/><\/a> <a title=\"Zjazd slovensk\u00fdch archeol\u00f3gov 2013.\" href=\"https:\/\/sas.sav.sk\/fotogaleria\/zjazdsas2013_06.jpg\" rel=\"lightbox[2013-zjazd_sas]\"><img decoding=\"async\" src=\"https:\/\/sas.sav.sk\/fotogaleria\/zjazdsas2013_06-nahlad.jpg\" alt=\"\" width=\"200\" border=\"1\" \/><\/a> <a title=\"Zjazd slovensk\u00fdch archeol\u00f3gov 2013.\" href=\"https:\/\/sas.sav.sk\/fotogaleria\/zjazdsas2013_07.jpg\" rel=\"lightbox[2013-zjazd_sas]\"><img decoding=\"async\" src=\"https:\/\/sas.sav.sk\/fotogaleria\/zjazdsas2013_07-nahlad.jpg\" alt=\"\" width=\"200\" border=\"1\" \/><\/a> <a title=\"Zjazd slovensk\u00fdch archeol\u00f3gov 2013.\" href=\"https:\/\/sas.sav.sk\/fotogaleria\/zjazdsas2013_08.jpg\" rel=\"lightbox[2013-zjazd_sas]\"><img decoding=\"async\" src=\"https:\/\/sas.sav.sk\/fotogaleria\/zjazdsas2013_08-nahlad.jpg\" alt=\"\" width=\"200\" border=\"1\" \/><\/a> <a title=\"Zjazd slovensk\u00fdch archeol\u00f3gov 2013.\" href=\"https:\/\/sas.sav.sk\/fotogaleria\/zjazdsas2013_09.jpg\" rel=\"lightbox[2013-zjazd_sas]\"><img decoding=\"async\" src=\"https:\/\/sas.sav.sk\/fotogaleria\/zjazdsas2013_09-nahlad.jpg\" alt=\"\" width=\"200\" border=\"1\" \/><\/a> <a title=\"Zjazd slovensk\u00fdch archeol\u00f3gov 2013.\" href=\"https:\/\/sas.sav.sk\/fotogaleria\/zjazdsas2013_10.jpg\" rel=\"lightbox[2013-zjazd_sas]\"><img decoding=\"async\" src=\"https:\/\/sas.sav.sk\/fotogaleria\/zjazdsas2013_10-nahlad.jpg\" alt=\"\" width=\"200\" border=\"1\" \/><\/a> <a title=\"Zjazd slovensk\u00fdch archeol\u00f3gov 2013.\" href=\"https:\/\/sas.sav.sk\/fotogaleria\/zjazdsas2013_11.jpg\" rel=\"lightbox[2013-zjazd_sas]\"><img decoding=\"async\" src=\"https:\/\/sas.sav.sk\/fotogaleria\/zjazdsas2013_11-nahlad.jpg\" alt=\"\" width=\"200\" border=\"1\" \/><\/a> <a title=\"Zjazd slovensk\u00fdch archeol\u00f3gov 2013.\" href=\"https:\/\/sas.sav.sk\/fotogaleria\/zjazdsas2013_12.jpg\" rel=\"lightbox[2013-zjazd_sas]\"><img decoding=\"async\" src=\"https:\/\/sas.sav.sk\/fotogaleria\/zjazdsas2013_12-nahlad.jpg\" alt=\"\" width=\"200\" border=\"1\" \/><\/a> <a title=\"Zjazd slovensk\u00fdch archeol\u00f3gov 2013.\" href=\"https:\/\/sas.sav.sk\/fotogaleria\/zjazdsas2013_13.jpg\" rel=\"lightbox[2013-zjazd_sas]\"><img decoding=\"async\" src=\"https:\/\/sas.sav.sk\/fotogaleria\/zjazdsas2013_13-nahlad.jpg\" alt=\"\" width=\"200\" border=\"1\" \/><\/a> <a title=\"Zjazd slovensk\u00fdch archeol\u00f3gov 2013.\" href=\"https:\/\/sas.sav.sk\/fotogaleria\/zjazdsas2013_14.jpg\" rel=\"lightbox[2013-zjazd_sas]\"><img decoding=\"async\" src=\"https:\/\/sas.sav.sk\/fotogaleria\/zjazdsas2013_14-nahlad.jpg\" alt=\"\" width=\"200\" border=\"1\" \/><\/a> <a title=\"Zjazd slovensk\u00fdch archeol\u00f3gov 2013.\" href=\"https:\/\/sas.sav.sk\/fotogaleria\/zjazdsas2013_15.jpg\" rel=\"lightbox[2013-zjazd_sas]\"><img decoding=\"async\" src=\"https:\/\/sas.sav.sk\/fotogaleria\/zjazdsas2013_15-nahlad.jpg\" alt=\"\" width=\"200\" border=\"1\" \/><\/a> <a title=\"Zjazd slovensk\u00fdch archeol\u00f3gov 2013.\" href=\"https:\/\/sas.sav.sk\/fotogaleria\/zjazdsas2013_16.jpg\" rel=\"lightbox[2013-zjazd_sas]\"><img decoding=\"async\" src=\"https:\/\/sas.sav.sk\/fotogaleria\/zjazdsas2013_16-nahlad.jpg\" alt=\"\" width=\"200\" border=\"1\" \/><\/a> <a title=\"Zjazd slovensk\u00fdch archeol\u00f3gov 2013.\" href=\"https:\/\/sas.sav.sk\/fotogaleria\/zjazdsas2013_17.jpg\" rel=\"lightbox[2013-zjazd_sas]\"><img decoding=\"async\" src=\"https:\/\/sas.sav.sk\/fotogaleria\/zjazdsas2013_17-nahlad.jpg\" alt=\"\" width=\"200\" border=\"1\" \/><\/a> <a title=\"Zjazd slovensk\u00fdch archeol\u00f3gov 2013.\" href=\"https:\/\/sas.sav.sk\/fotogaleria\/zjazdsas2013_18.jpg\" rel=\"lightbox[2013-zjazd_sas]\"><img decoding=\"async\" src=\"https:\/\/sas.sav.sk\/fotogaleria\/zjazdsas2013_18-nahlad.jpg\" alt=\"\" width=\"200\" border=\"1\" \/><\/a> <a title=\"Zjazd slovensk\u00fdch archeol\u00f3gov 2013.\" href=\"https:\/\/sas.sav.sk\/fotogaleria\/zjazdsas2013_19.jpg\" rel=\"lightbox[2013-zjazd_sas]\"><img decoding=\"async\" src=\"https:\/\/sas.sav.sk\/fotogaleria\/zjazdsas2013_19-nahlad.jpg\" alt=\"\" width=\"200\" border=\"1\" \/><\/a> <a title=\"Zjazd slovensk\u00fdch archeol\u00f3gov 2013.\" href=\"https:\/\/sas.sav.sk\/fotogaleria\/zjazdsas2013_20.jpg\" rel=\"lightbox[2013-zjazd_sas]\"><img decoding=\"async\" src=\"https:\/\/sas.sav.sk\/fotogaleria\/zjazdsas2013_20-nahlad.jpg\" alt=\"\" width=\"200\" border=\"1\" \/><\/a> <a title=\"Zjazd slovensk\u00fdch archeol\u00f3gov 2013.\" href=\"https:\/\/sas.sav.sk\/fotogaleria\/zjazdsas2013_21.jpg\" rel=\"lightbox[2013-zjazd_sas]\"><img decoding=\"async\" src=\"https:\/\/sas.sav.sk\/fotogaleria\/zjazdsas2013_21-nahlad.jpg\" alt=\"\" width=\"200\" border=\"1\" \/><\/a> <a title=\"Zjazd slovensk\u00fdch archeol\u00f3gov 2013.\" href=\"https:\/\/sas.sav.sk\/fotogaleria\/zjazdsas2013_22.jpg\" rel=\"lightbox[2013-zjazd_sas]\"><img decoding=\"async\" src=\"https:\/\/sas.sav.sk\/fotogaleria\/zjazdsas2013_22-nahlad.jpg\" alt=\"\" width=\"200\" border=\"1\" \/><\/a> <a title=\"Zjazd slovensk\u00fdch archeol\u00f3gov 2013.\" href=\"https:\/\/sas.sav.sk\/fotogaleria\/zjazdsas2013_23.jpg\" rel=\"lightbox[2013-zjazd_sas]\"><img decoding=\"async\" src=\"https:\/\/sas.sav.sk\/fotogaleria\/zjazdsas2013_23-nahlad.jpg\" alt=\"\" width=\"200\" border=\"1\" \/><\/a> <a title=\"Zjazd slovensk\u00fdch archeol\u00f3gov 2013.\" href=\"https:\/\/sas.sav.sk\/fotogaleria\/zjazdsas2013_24.jpg\" rel=\"lightbox[2013-zjazd_sas]\"><img decoding=\"async\" src=\"https:\/\/sas.sav.sk\/fotogaleria\/zjazdsas2013_24-nahlad.jpg\" alt=\"\" width=\"200\" border=\"1\" \/><\/a><\/p>\n","protected":false},"excerpt":{"rendered":"<p>Zjazd slovensk\u00fdch archeol\u00f3gov a vedeck\u00fd semin\u00e1r 2013 10.4.2013<\/p>\n","protected":false},"author":1,"featured_media":0,"parent":87,"menu_order":10,"comment_status":"closed","ping_status":"closed","template":"","meta":{"_monsterinsights_skip_tracking":false,"_monsterinsights_sitenote_active":false,"_monsterinsights_sitenote_note":"","_monsterinsights_sitenote_category":0,"footnotes":"","_links_to":"","_links_to_target":""},"class_list":["post-111","page","type-page","status-publish","hentry"],"_links":{"self":[{"href":"https:\/\/sas.sav.sk\/en\/wp-json\/wp\/v2\/pages\/111","targetHints":{"allow":["GET"]}}],"collection":[{"href":"https:\/\/sas.sav.sk\/en\/wp-json\/wp\/v2\/pages"}],"about":[{"href":"https:\/\/sas.sav.sk\/en\/wp-json\/wp\/v2\/types\/page"}],"author":[{"embeddable":true,"href":"https:\/\/sas.sav.sk\/en\/wp-json\/wp\/v2\/users\/1"}],"replies":[{"embeddable":true,"href":"https:\/\/sas.sav.sk\/en\/wp-json\/wp\/v2\/comments?post=111"}],"version-history":[{"count":2,"href":"https:\/\/sas.sav.sk\/en\/wp-json\/wp\/v2\/pages\/111\/revisions"}],"predecessor-version":[{"id":400,"href":"https:\/\/sas.sav.sk\/en\/wp-json\/wp\/v2\/pages\/111\/revisions\/400"}],"up":[{"embeddable":true,"href":"https:\/\/sas.sav.sk\/en\/wp-json\/wp\/v2\/pages\/87"}],"wp:attachment":[{"href":"https:\/\/sas.sav.sk\/en\/wp-json\/wp\/v2\/media?parent=111"}],"curies":[{"name":"wp","href":"https:\/\/api.w.org\/{rel}","templated":true}]}}