{"id":105,"date":"2017-04-13T08:34:35","date_gmt":"2017-04-13T06:34:35","guid":{"rendered":"http:\/\/www.sas.sav.sk\/en\/?page_id=105"},"modified":"2017-04-13T08:48:44","modified_gmt":"2017-04-13T06:48:44","slug":"recommended-websites","status":"publish","type":"page","link":"https:\/\/sas.sav.sk\/en\/links\/recommended-websites\/","title":{"rendered":"Recommended websites"},"content":{"rendered":"<h3>Slovakia<\/h3>\n<p><b>Institutions<\/b><\/p>\n<ul>\n<li><a href=\"http:\/\/www.archeol.sav.sk\/\" target=\"_blank\">Archeologick\u00fd \u00fastav SAV Nitra<\/a><\/li>\n<li><a href=\"http:\/\/www.cassovia.sk\/archsav\/\" target=\"_blank\">Archeologick\u00fd \u00fastav SAV Ko\u0161ice<\/a><\/li>\n<li><a href=\"http:\/\/www.culture.gov.sk\/adresare?qnaz=;qkraj=0;qtyp=1;nopage=1\" target=\"_blank\">Ministerstvo kult\u00fary &#8211; zoznam in\u0161tit\u00faci\u00ed s povolen\u00edm vykon\u00e1va\u0165 archeologick\u00fd v\u00fdskum<\/a><\/li>\n<li><a href=\"http:\/\/www.pamiatky.sk\" target=\"_blank\">Pamiatkov\u00fd \u00farad Slovenskej republiky<\/a><\/li>\n<li><a href=\"http:\/\/www.snm.sk\/\" target=\"_blank\">Slovensk\u00e9 n\u00e1rodn\u00e9 m\u00fazeum<\/a><\/li>\n<li><a href=\"http:\/\/www.muop.bratislava.sk\" target=\"_blank\">Mestsk\u00fd \u00fastav ochrany pamiatok<\/a><\/li>\n<li><a href=\"http:\/\/www.hrady.sk\/\" target=\"_blank\">Katedra archeol\u00f3gie v Bratislave<\/a><\/li>\n<li><a href=\"http:\/\/www.karch.ff.ukf.sk\" target=\"_blank\">Katedra archeol\u00f3gie v Nitre<\/a><\/li>\n<li><a href=\"http:\/\/klasarch.truni.sk\/\" target=\"_blank\">Katedra klasickej archeol\u00f3gie v Trnave<\/a><\/li>\n<li style=\"text-align: justify\"><a href=\"http:\/\/www.ff.umb.sk\/katedry\/katedra-historie\/\">Katedra hist\u00f3rie Bansk\u00e1 Bystrica<\/a><\/li>\n<\/ul>\n<p><b>Others<\/b><\/p>\n<ul>\n<li><a href=\"http:\/\/www.obnova.sk\/\" target=\"_blank\">Obnova.sk &#8211; pamiatky, zbierky, staro\u017eitnosti<\/a><\/li>\n<li><a href=\"http:\/\/www.hrady.sk\/\" target=\"_blank\">Slovensk\u00e9 hrady (www.hrady.sk)<\/a><\/li>\n<li><a href=\"http:\/\/www.zamky.sk\/\" target=\"_blank\">Hrady, z\u00e1mky, ka\u0161tiele a ostatn\u00e9 pamiatky na Slovensku (www.zamky.sk)<\/a><\/li>\n<li><a href=\"http:\/\/www.castles.sk\/\" target=\"_blank\">Inform\u00e1cie o slovensk\u00fdch hradoch (www.castles.sk)<\/a><\/li>\n<li><a href=\"http:\/\/www.zachranmehrady.sk\/\" target=\"_blank\">Zachr\u00e1\u0148me hrady &#8211; Zdru\u017eenie na z\u00e1chranu historick\u00fdch budov<\/a><\/li>\n<li><a href=\"http:\/\/www.muzeum.sk\/\" target=\"_blank\">Muzeum.sk &#8211; hist\u00f3ria miest a obc\u00ed Slovenska, m\u00faze\u00e1, gal\u00e9rie, pamiatky, hrady a z\u00e1mky<\/a><\/li>\n<li><a href=\"http:\/\/www.history.sk\/\" target=\"_blank\">Historicko Archeologick\u00e1 spolo\u010dnos\u0165<\/a><\/li>\n<li><a href=\"http:\/\/www.ainova.sk\/\">Academia Istropolitana Nova<\/a><\/li>\n<li><a href=\"http:\/\/veda.sme.sk\/r\/veda_archeo\/archeologia.html\" target=\"_blank\">www.sme.sk &#8211; Aktuality z oblasti archeol\u00f3gie<\/a><\/li>\n<li><a href=\"http:\/\/www.archeol.sav.sk\/kelemantia\/\" target=\"_blank\">R\u00edmsky kastel v I\u017ei &#8211; Kelemantia<\/a><\/li>\n<li><a href=\"http:\/\/www.athe.sk\/web2000\/iza.htm#\" target=\"_blank\">Po\u010d\u00edta\u010dov\u00e1 vizualiz\u00e1cia r\u00edmskeho t\u00e1bora I\u017ea pre Nad\u00e1ciu pre z\u00e1chranu kult\u00farneho dedi\u010dstva v spolupr\u00e1ci s Archeologick\u00fdm \u00fastavom SAV (www.athe.sk)<\/a><\/li>\n<li><a href=\"http:\/\/danubelimesbrand.org\/\" target=\"_blank\">Projekt Danube Limes Brand<\/a><\/li>\n<\/ul>\n<p><b>Private archaeological companies:<\/b><\/p>\n<ul>\n<li><a href=\"http:\/\/www.sahi.sk\/\" target=\"_blank\">SAHI (Slovensk\u00fd Archeologick\u00fd a Historick\u00fd In\u0161tit\u00fat) &#8211; s\u00fakromn\u00e1 archeologick\u00e1 spolo\u010dnos\u0165, Bratislava<\/a><\/li>\n<li><a href=\"http:\/\/www.archeo.sk\/\" target=\"_blank\">AA Terra Antiqua &#8211; s\u00fakromn\u00e1 archeologick\u00e1 spolo\u010dnos\u0165, Rimavsk\u00e1 Sobota<\/a><\/li>\n<li><a href=\"http:\/\/www.viamagna.eu.sk\/\" target=\"_blank\">Via Magna &#8211; s\u00fakromn\u00e1 archeologick\u00e1 spolo\u010dnos\u0165, Martin<\/a><\/li>\n<li><a href=\"http:\/\/ithaka.sk\/\" target=\"_blank\">Ithaka BB &#8211; s\u00fakromn\u00e1 archeologick\u00e1 spolo\u010dnos\u0165, Bansk\u00e1 Bystrica<\/a><\/li>\n<li><a href=\"http:\/\/www.achil.sk\/\" target=\"_blank\">Achilles Archaeology &#8211; s\u00fakromn\u00e1 archeologick\u00e1 spolo\u010dnos\u0165, Pezinok<\/a><\/li>\n<li><a href=\"http:\/\/www.archeomarket.sk\/\" target=\"_blank\">Archeomarket.sk &#8211; predaj n\u00e1strojov a spotrebn\u00e9ho materi\u00e1lu pre archeologick\u00fd v\u00fdskum<\/a><\/li>\n<\/ul>\n<p>&nbsp;<\/p>\n<h3>The Czech Republic<\/h3>\n<ul>\n<li><a href=\"http:\/\/www.archaeology.cz\/cas\/\" target=\"_blank\">\u010cesk\u00e1 Archeologick\u00e1 Spole\u010dnost<\/a><\/li>\n<li><a href=\"http:\/\/www.arup.cas.cz\/\" target=\"_blank\">Archeologick\u00fd \u00fastav AV \u010cR, Praha, v.v.i<\/a><\/li>\n<li><a href=\"http:\/\/arub.public08.cz\/\" target=\"_blank\">Archeologick\u00fd \u00fastav AV \u010cR, Brno, v.v.i<\/a><\/li>\n<li><a href=\"http:\/\/www.phil.muni.cz\/archeo\/moravskaarcheologie\/index.html\" target=\"_blank\">Moravsk\u00e1 archeologie<\/a><\/li>\n<li><a href=\"http:\/\/www.nm.cz\/\" target=\"_blank\">N\u00e1rodn\u00ed muzeum \u010cR<\/a><\/li>\n<li><a href=\"http:\/\/www.archeologicke.misto.cz\/\" target=\"_blank\">Archeologick\u00e9 m\u00edsto<\/a><\/li>\n<li><a href=\"http:\/\/www.archaeologica.cz\/\" target=\"_blank\">Projekt Archaeologica<\/a><\/li>\n<li><a href=\"http:\/\/www.archeoskanzen.cz\/\" target=\"_blank\">Archeoskazen Modr\u00e1<\/a><\/li>\n<\/ul>\n<p>&nbsp;<\/p>\n<h3>Interesting foreign websites<\/h3>\n<ul>\n<li><a href=\"http:\/\/darwin-online.org.uk\/\" target=\"_blank\">Charles Darwin &#8211; kompletn\u00e9 pr\u00e1ce online v image, text a pdf (EN, FR, DE, IT&#8230;.).<\/a><\/li>\n<li><a href=\"http:\/\/www.limes-oesterreich.at\/fre\/html\/index.php\/\" target=\"_blank\">Der r\u00f6mische Limes in \u00d6sterreich<\/a><\/li>\n<li><a href=\"http:\/\/www.deutsche-limeskommission.de\/\" target=\"_blank\">Der r\u00f6mische Limes in Deutschland<\/a><\/li>\n<li><a href=\"http:\/\/www.athe.sk\/web2000\/carnuntum.htm#\" target=\"_blank\">Po\u010d\u00edta\u010dov\u00e1 vizualiz\u00e1cia r\u00edmskej lokality Carnuntum pre Nad\u00e1ciu pre z\u00e1chranu kult\u00farneho dedi\u010dstva v spolupr\u00e1ci s Archeologick\u00fdm \u00fastavom SAV (www.athe.sk)<\/a><\/li>\n<\/ul>\n<p>&nbsp;<\/p>\n<h3>Recommended books<\/h3>\n<ul>\n<li><a href=\"http:\/\/www.zeitensprung.de\/nitra.html\" target=\"_blank\">Christel Bernard: Die Nitragruppe in der S\u00fcdwestslowakei. Eine arch\u00e4ologische und pal\u00e4ometallurgische Analyse ausgew\u00e4hlter Gr\u00e4berfelder. Saarbr\u00fccken 2005<\/a><\/li>\n<\/ul>\n","protected":false},"excerpt":{"rendered":"<p>Slovakia Institutions Archeologick\u00fd \u00fastav SAV Nitra Archeologick\u00fd \u00fastav SAV Ko\u0161ice Ministerstvo kult\u00fary &#8211; zoznam in\u0161tit\u00faci\u00ed s povolen\u00edm vykon\u00e1va\u0165 archeologick\u00fd v\u00fdskum Pamiatkov\u00fd \u00farad Slovenskej republiky Slovensk\u00e9 n\u00e1rodn\u00e9 m\u00fazeum Mestsk\u00fd \u00fastav ochrany pamiatok Katedra archeol\u00f3gie v Bratislave Katedra archeol\u00f3gie v Nitre Katedra klasickej archeol\u00f3gie v Trnave Katedra hist\u00f3rie Bansk\u00e1 Bystrica Others Obnova.sk &#8211; pamiatky, zbierky, staro\u017eitnosti Slovensk\u00e9&#8230;<\/p>\n","protected":false},"author":1,"featured_media":0,"parent":19,"menu_order":10,"comment_status":"closed","ping_status":"closed","template":"","meta":{"_monsterinsights_skip_tracking":false,"_monsterinsights_sitenote_active":false,"_monsterinsights_sitenote_note":"","_monsterinsights_sitenote_category":0,"footnotes":"","_links_to":"","_links_to_target":""},"class_list":["post-105","page","type-page","status-publish","hentry"],"_links":{"self":[{"href":"https:\/\/sas.sav.sk\/en\/wp-json\/wp\/v2\/pages\/105","targetHints":{"allow":["GET"]}}],"collection":[{"href":"https:\/\/sas.sav.sk\/en\/wp-json\/wp\/v2\/pages"}],"about":[{"href":"https:\/\/sas.sav.sk\/en\/wp-json\/wp\/v2\/types\/page"}],"author":[{"embeddable":true,"href":"https:\/\/sas.sav.sk\/en\/wp-json\/wp\/v2\/users\/1"}],"replies":[{"embeddable":true,"href":"https:\/\/sas.sav.sk\/en\/wp-json\/wp\/v2\/comments?post=105"}],"version-history":[{"count":3,"href":"https:\/\/sas.sav.sk\/en\/wp-json\/wp\/v2\/pages\/105\/revisions"}],"predecessor-version":[{"id":124,"href":"https:\/\/sas.sav.sk\/en\/wp-json\/wp\/v2\/pages\/105\/revisions\/124"}],"up":[{"embeddable":true,"href":"https:\/\/sas.sav.sk\/en\/wp-json\/wp\/v2\/pages\/19"}],"wp:attachment":[{"href":"https:\/\/sas.sav.sk\/en\/wp-json\/wp\/v2\/media?parent=105"}],"curies":[{"name":"wp","href":"https:\/\/api.w.org\/{rel}","templated":true}]}}