{"id":103,"date":"2017-04-13T08:31:34","date_gmt":"2017-04-13T06:31:34","guid":{"rendered":"http:\/\/www.sas.sav.sk\/en\/?page_id=103"},"modified":"2017-04-13T08:31:34","modified_gmt":"2017-04-13T06:31:34","slug":"videos","status":"publish","type":"page","link":"https:\/\/sas.sav.sk\/en\/links\/videos\/","title":{"rendered":"Videos"},"content":{"rendered":"<h2>Slovakia:<\/h2>\n<p>Projekt EU 2000 &#8211; Hranice R\u00edmskeho Imp\u00e9ria (Frontiers of the Roman Empire) &#8211; \u010das\u0165 5. &#8211; R\u00edmsky Limes na Slovensku (po slovensky). Produkcia: <a href=\"http:\/\/www.boundary.de\" target=\"_blank\">\u00a9 Boundary Productions e. K.<\/a><\/p>\n<p><object width=\"425\" height=\"344\"><embed src=\"http:\/\/www.youtube.com\/v\/cyreB8H9O4g&amp;hl=cs&amp;fs=1&amp;color1=0x234900&amp;color2=0x4e9e00&amp;border=1\" type=\"application\/x-shockwave-flash\" allowscriptaccess=\"always\" allowfullscreen=\"allowfullscreen\" height=\"344\" width=\"425\" \/><\/object><\/p>\n<p>Medail\u00f3n o popredn\u00fdch slovensk\u00fdch archeol\u00f3goch Jurajovi Pav\u00fakovi a Viere Nem\u011bjcovej-Pav\u00fakovej. Je v \u0148om pribl\u00ed\u017een\u00fd archeologick\u00fd v\u00fdskum s\u00eddliska z mlad\u0161ej doby kamennej vo Svod\u00edne (po slovensky).<\/p>\n<p><object width=\"425\" height=\"344\"><embed src=\"http:\/\/www.youtube.com\/v\/GsYkkK1MRf0&amp;hl=en&amp;fs=1&amp;color1=0x234900&amp;color2=0x4e9e00&amp;border=1\" type=\"application\/x-shockwave-flash\" allowscriptaccess=\"always\" allowfullscreen=\"allowfullscreen\" height=\"344\" width=\"425\" \/><\/object><\/p>\n<p>&nbsp;<\/p>\n<h2>Other countries or topics:<\/h2>\n<p><object width=\"425\" height=\"344\"><embed src=\"http:\/\/www.youtube.com\/v\/EtON6MGS24o&amp;hl=cs&amp;fs=1&amp;color1=0x234900&amp;color2=0x4e9e00&amp;border=1\" type=\"application\/x-shockwave-flash\" allowscriptaccess=\"always\" allowfullscreen=\"allowfullscreen\" height=\"344\" width=\"425\" \/><\/object><\/p>\n<p><object width=\"425\" height=\"344\"><embed src=\"http:\/\/www.youtube.com\/v\/IUuavVnu36U&amp;hl=en&amp;fs=1&amp;color1=0x234900&amp;color2=0x4e9e00&amp;border=1\" type=\"application\/x-shockwave-flash\" allowscriptaccess=\"always\" allowfullscreen=\"allowfullscreen\" height=\"344\" width=\"425\" \/><\/object><\/p>\n<p><object width=\"425\" height=\"344\"><embed src=\"http:\/\/www.youtube.com\/v\/ghJIxIixw-I&amp;hl=en&amp;fs=1&amp;color1=0x234900&amp;color2=0x4e9e00&amp;border=1\" type=\"application\/x-shockwave-flash\" allowscriptaccess=\"always\" allowfullscreen=\"allowfullscreen\" height=\"344\" width=\"425\" \/><\/object><\/p>\n<p><object width=\"425\" height=\"344\"><embed src=\"http:\/\/www.youtube.com\/v\/ku6_UjlkdR8&amp;hl=en&amp;fs=1&amp;color1=0x234900&amp;color2=0x4e9e00&amp;border=1\" type=\"application\/x-shockwave-flash\" allowscriptaccess=\"always\" allowfullscreen=\"allowfullscreen\" height=\"344\" width=\"425\" \/><\/object><\/p>\n<p><object width=\"425\" height=\"344\"><embed src=\"http:\/\/www.youtube.com\/v\/OV6A8oGtPc4&amp;hl=en&amp;fs=1&amp;color1=0x234900&amp;color2=0x4e9e00&amp;border=1\" type=\"application\/x-shockwave-flash\" allowscriptaccess=\"always\" allowfullscreen=\"allowfullscreen\" height=\"344\" width=\"425\" \/><\/object><\/p>\n<p><object width=\"425\" height=\"344\"><embed src=\"http:\/\/www.youtube.com\/v\/t4vDvbessPs&amp;hl=en&amp;fs=1&amp;color1=0x234900&amp;color2=0x4e9e00&amp;border=1\" type=\"application\/x-shockwave-flash\" allowscriptaccess=\"always\" allowfullscreen=\"allowfullscreen\" height=\"344\" width=\"425\" \/><\/object><\/p>\n<p><object width=\"425\" height=\"344\"><embed src=\"http:\/\/www.youtube.com\/v\/MC2qs27W9o8&amp;hl=en&amp;fs=1&amp;color1=0x234900&amp;color2=0x4e9e00&amp;border=1\" type=\"application\/x-shockwave-flash\" allowscriptaccess=\"always\" allowfullscreen=\"allowfullscreen\" height=\"344\" width=\"425\" \/><\/object><\/p>\n","protected":false},"excerpt":{"rendered":"<p>Slovakia: Projekt EU 2000 &#8211; Hranice R\u00edmskeho Imp\u00e9ria (Frontiers of the Roman Empire) &#8211; \u010das\u0165 5. &#8211; R\u00edmsky Limes na Slovensku (po slovensky). Produkcia: \u00a9 Boundary Productions e. K. Medail\u00f3n o popredn\u00fdch slovensk\u00fdch archeol\u00f3goch Jurajovi Pav\u00fakovi a Viere Nem\u011bjcovej-Pav\u00fakovej. Je v \u0148om pribl\u00ed\u017een\u00fd archeologick\u00fd v\u00fdskum s\u00eddliska z mlad\u0161ej doby kamennej vo Svod\u00edne (po slovensky). &nbsp;&#8230;<\/p>\n","protected":false},"author":1,"featured_media":0,"parent":19,"menu_order":20,"comment_status":"closed","ping_status":"closed","template":"","meta":{"_monsterinsights_skip_tracking":false,"_monsterinsights_sitenote_active":false,"_monsterinsights_sitenote_note":"","_monsterinsights_sitenote_category":0,"footnotes":"","_links_to":"","_links_to_target":""},"class_list":["post-103","page","type-page","status-publish","hentry"],"_links":{"self":[{"href":"https:\/\/sas.sav.sk\/en\/wp-json\/wp\/v2\/pages\/103","targetHints":{"allow":["GET"]}}],"collection":[{"href":"https:\/\/sas.sav.sk\/en\/wp-json\/wp\/v2\/pages"}],"about":[{"href":"https:\/\/sas.sav.sk\/en\/wp-json\/wp\/v2\/types\/page"}],"author":[{"embeddable":true,"href":"https:\/\/sas.sav.sk\/en\/wp-json\/wp\/v2\/users\/1"}],"replies":[{"embeddable":true,"href":"https:\/\/sas.sav.sk\/en\/wp-json\/wp\/v2\/comments?post=103"}],"version-history":[{"count":1,"href":"https:\/\/sas.sav.sk\/en\/wp-json\/wp\/v2\/pages\/103\/revisions"}],"predecessor-version":[{"id":104,"href":"https:\/\/sas.sav.sk\/en\/wp-json\/wp\/v2\/pages\/103\/revisions\/104"}],"up":[{"embeddable":true,"href":"https:\/\/sas.sav.sk\/en\/wp-json\/wp\/v2\/pages\/19"}],"wp:attachment":[{"href":"https:\/\/sas.sav.sk\/en\/wp-json\/wp\/v2\/media?parent=103"}],"curies":[{"name":"wp","href":"https:\/\/api.w.org\/{rel}","templated":true}]}}